{"id":9786,"date":"2025-12-10T17:12:02","date_gmt":"2025-12-10T14:12:02","guid":{"rendered":"https:\/\/www.yildizturizm.com.tr\/?page_id=9786"},"modified":"2025-12-12T11:54:47","modified_gmt":"2025-12-12T08:54:47","slug":"tur-ve-organizasyon","status":"publish","type":"page","link":"https:\/\/www.yildizturizm.com.tr\/index.php\/tur-ve-organizasyon\/","title":{"rendered":"Tur Ve Organizasyon Hizmetleri"},"content":{"rendered":"\t\t<div data-elementor-type=\"wp-page\" data-elementor-id=\"9786\" class=\"elementor elementor-9786\">\n\t\t\t\t<div class=\"elementor-element elementor-element-4745127 e-flex e-con-boxed tm-col-stretched-none tm-bg-color-over-image e-con e-parent\" data-id=\"4745127\" data-element_type=\"container\" data-e-type=\"container\">\n\t\t\t\t\t<div class=\"e-con-inner\">\n\t\t<div class=\"elementor-element elementor-element-023e4d9 e-con-full e-flex tm-col-stretched-none tm-bg-color-over-image e-con e-child\" data-id=\"023e4d9\" data-element_type=\"container\" data-e-type=\"container\">\n\t\t<div class=\"elementor-element elementor-element-3d4972f e-con-full e-flex tm-col-stretched-none tm-bg-color-over-image e-con e-child\" data-id=\"3d4972f\" data-element_type=\"container\" data-e-type=\"container\" data-settings=\"{&quot;background_background&quot;:&quot;classic&quot;}\">\n\t\t<div class=\"elementor-element elementor-element-a9173b2 e-con-full e-flex tm-col-stretched-none tm-bg-color-over-image e-con e-child\" data-id=\"a9173b2\" data-element_type=\"container\" data-e-type=\"container\">\n\t\t\t\t<div class=\"elementor-element elementor-element-dc91469 elementor-widget elementor-widget-tm-ele-text-editor\" data-id=\"dc91469\" data-element_type=\"widget\" data-e-type=\"widget\" data-widget_type=\"tm-ele-text-editor.default\">\n\t\t\t\t<div class=\"elementor-widget-container\">\n\t\t\t\t\t\t\t<div class=\"tm-text-editor\" >\r\n\t\t<h4>T\u00fcm Hizmetlerimiz<\/h4>\t\t<\/div>\r\n\t\t\t\t\t<\/div>\n\t\t\t\t<\/div>\n\t\t\t\t<div class=\"elementor-element elementor-element-cca2a37 elementor-widget elementor-widget-tm-ele-navigation-menu\" data-id=\"cca2a37\" data-element_type=\"widget\" data-e-type=\"widget\" data-widget_type=\"tm-ele-navigation-menu.default\">\n\t\t\t\t<div class=\"elementor-widget-container\">\n\t\t\t\t\t<div class=\"tm-sc-simple-nav-menu\"><ul id=\"menu-services-menu\" class=\"\"><li id=\"menu-item-9792\" class=\"menu-item menu-item-type-post_type menu-item-object-page menu-item-9792\"><a href=\"https:\/\/www.yildizturizm.com.tr\/index.php\/personel-servisi\/\"><i class=\"tm-nav-arrow-icon  flaticon-common-plus\"><\/i>Personel Servisi<\/a><\/li>\n<li id=\"menu-item-9791\" class=\"menu-item menu-item-type-post_type menu-item-object-page menu-item-9791\"><a href=\"https:\/\/www.yildizturizm.com.tr\/index.php\/ogrenci-servisi\/\"><i class=\"tm-nav-arrow-icon  flaticon-common-plus\"><\/i>\u00d6\u011frenci Servisi<\/a><\/li>\n<li id=\"menu-item-9794\" class=\"menu-item menu-item-type-post_type menu-item-object-page menu-item-9794\"><a href=\"https:\/\/www.yildizturizm.com.tr\/index.php\/vip-servisi\/\"><i class=\"tm-nav-arrow-icon  flaticon-common-plus\"><\/i>VIP SERV\u0130S<\/a><\/li>\n<li id=\"menu-item-9793\" class=\"menu-item menu-item-type-post_type menu-item-object-page menu-item-9793\"><a href=\"https:\/\/www.yildizturizm.com.tr\/index.php\/tur-ve-organizasyon\/\"><i class=\"tm-nav-arrow-icon  flaticon-common-plus\"><\/i>Tur Ve Organizasyon Hizmetleri<\/a><\/li>\n<li id=\"menu-item-9790\" class=\"menu-item menu-item-type-post_type menu-item-object-page menu-item-9790\"><a href=\"https:\/\/www.yildizturizm.com.tr\/index.php\/filo-kiralama\/\"><i class=\"tm-nav-arrow-icon  flaticon-common-plus\"><\/i>Filo Kiralama<\/a><\/li>\n<\/ul><\/div>\t\t\t\t<\/div>\n\t\t\t\t<\/div>\n\t\t\t\t<\/div>\n\t\t\t\t<\/div>\n\t\t<div class=\"elementor-element elementor-element-5b052a9 e-con-full e-flex tm-col-stretched-none tm-bg-color-over-image e-con e-child\" data-id=\"5b052a9\" data-element_type=\"container\" data-e-type=\"container\">\n\t\t<div class=\"elementor-element elementor-element-bcfa8c5 e-con-full e-flex tm-col-stretched-none tm-bg-color-over-image e-con e-child\" data-id=\"bcfa8c5\" data-element_type=\"container\" data-e-type=\"container\" data-settings=\"{&quot;background_background&quot;:&quot;classic&quot;}\">\n\t\t\t\t<div class=\"elementor-element elementor-element-3e9fc9b elementor-widget elementor-widget-tm-ele-iconbox\" data-id=\"3e9fc9b\" data-element_type=\"widget\" data-e-type=\"widget\" data-widget_type=\"tm-ele-iconbox.default\">\n\t\t\t\t<div class=\"elementor-widget-container\">\n\t\t\t\t\t<div class=\"tm-sc-icon-box icon-box icon-top font-icon responsive-tablet responsive-mobile icon-top animate-hover icon-rotate-y\">\r\n\t\r\n  \t<div class=\"icon-box-wrapper\">\r\n\t\t\r\n\t\t<div class=\"icon-wrapper\">\r\n\t\t<div class=\"icon icon-circled icon-type-font-icon icon-md\">\r\n\t\t\t<i aria-hidden=\"true\" class=\" flaticon-common-call\"><\/i>\t\t<\/div>\r\n\r\n\t\t\t<\/div>\r\n\t\t\t<div class=\"icon-text\">\r\n\t\t\t\t\t\t\r\n\t\t\t\t<h4 class=\"icon-box-title \">\r\n\t\t\t\t\t\t\tHerhangi bir sorunuz varsa l\u00fctfen ileti\u015fime ge\u00e7mekten \u00e7ekinmeyin\t\t\t\t\t<\/h4>\r\n\t\t\t\t\t\t\t\t\r\n\t\t\t\r\n\t\r\n\t\t\t\t\t\t<div class=\"btn-view-details \">\r\n    <a  \r\n            href=\"\/index.php\/iletisim\/\"\r\n      class=\"btn btn-theme-colored1 mt-2\">\r\n      \u0130leti\u015fim    <\/a>\r\n<\/div>\t\t\t\t\t<\/div>\r\n\t\t<div class=\"clearfix\"><\/div>\r\n\t<\/div>\r\n<\/div>\t\t\t\t<\/div>\n\t\t\t\t<\/div>\n\t\t\t\t<\/div>\n\t\t\t\t<\/div>\n\t\t\t\t<\/div>\n\t\t<div class=\"elementor-element elementor-element-1a9c273 e-con-full e-flex tm-col-stretched-none tm-bg-color-over-image e-con e-child\" data-id=\"1a9c273\" data-element_type=\"container\" data-e-type=\"container\">\n\t\t\t\t<div class=\"elementor-element elementor-element-2dcab80 elementor-widget elementor-widget-image\" data-id=\"2dcab80\" data-element_type=\"widget\" data-e-type=\"widget\" data-widget_type=\"image.default\">\n\t\t\t\t\t\t\t\t\t\t\t\t\t\t\t<img decoding=\"async\" src=\"https:\/\/www.yildizturizm.com.tr\/wp-content\/uploads\/2025\/12\/o3.png\" title=\"\u00f63\" alt=\"ara\u00e7 s\u00fcren s\u00f6f\u00f6rler\" loading=\"lazy\" \/>\t\t\t\t\t\t\t\t\t\t\t\t\t\t\t<\/div>\n\t\t\t\t<div class=\"elementor-element elementor-element-93579f4 elementor-widget elementor-widget-tm-ele-text-editor\" data-id=\"93579f4\" data-element_type=\"widget\" data-e-type=\"widget\" data-widget_type=\"tm-ele-text-editor.default\">\n\t\t\t\t<div class=\"elementor-widget-container\">\n\t\t\t\t\t\t\t<div class=\"tm-text-editor\" >\r\n\t\t<h2 class=\"page-title\">Seyahatlerinizde Yan\u0131n\u0131zday\u0131z<\/h2>\t\t<\/div>\r\n\t\t\t\t\t<\/div>\n\t\t\t\t<\/div>\n\t\t\t\t<div class=\"elementor-element elementor-element-a08eb23 elementor-widget elementor-widget-tm-ele-text-editor\" data-id=\"a08eb23\" data-element_type=\"widget\" data-e-type=\"widget\" data-widget_type=\"tm-ele-text-editor.default\">\n\t\t\t\t<div class=\"elementor-widget-container\">\n\t\t\t\t\t\t\t<div class=\"tm-text-editor\" >\r\n\t\t<p><span>Y\u0131ld\u0131z Turizm, Mersin\u2019de tur ve organizasyon ta\u015f\u0131mac\u0131l\u0131\u011f\u0131 alan\u0131nda kurumsal standartlara uygun, g\u00fcvenilir ve planl\u0131 ula\u015f\u0131m \u00e7\u00f6z\u00fcmleri sunar. Grup ta\u015f\u0131ma, tur arac\u0131 kiralama, okul turlar\u0131, \u015firket etkinlikleri ve \u00f6zel organizasyonlar i\u00e7in ihtiya\u00e7lara g\u00f6re ki\u015fiselle\u015ftirilen hizmetler sa\u011fl\u0131yoruz. Planlama a\u015famas\u0131nda t\u00fcm detaylar\u0131 g\u00f6zden ge\u00e7irir, rota ve zaman y\u00f6netimini hassas \u015fekilde d\u00fczenleriz; b\u00f6ylece organizasyonunuz boyunca aksama ya\u015fanmas\u0131n\u0131 engelleriz.<\/span><\/p>\t\t<\/div>\r\n\t\t\t\t\t<\/div>\n\t\t\t\t<\/div>\n\t\t\t\t<div class=\"elementor-element elementor-element-b8081f1 elementor-widget elementor-widget-tm-ele-iconbox\" data-id=\"b8081f1\" data-element_type=\"widget\" data-e-type=\"widget\" data-widget_type=\"tm-ele-iconbox.default\">\n\t\t\t\t<div class=\"elementor-widget-container\">\n\t\t\t\t\t<div class=\"tm-sc-icon-box icon-box icon-top no-icon icon-top animate-hover icon-rotate-y\">\r\n\t\r\n  \t<div class=\"icon-box-wrapper\">\r\n\t\t\r\n\t\t\t<div class=\"icon-text\">\r\n\t\t\t\t\t\t\r\n\t\t\t\t<p class=\"icon-box-title \">\r\n\t\t\t\t\t\t\tFilomuz minib\u00fcs, midib\u00fcs ve otob\u00fcs se\u00e7enekleriyle farkl\u0131 grup b\u00fcy\u00fckl\u00fcklerine uygun \u00e7\u00f6z\u00fcmler sunar.\t\t\t\t\t<\/p>\r\n\t\t\t\t\t\t\t\t\r\n\t\t\t\r\n\t\r\n\t\t\t\t\t<\/div>\r\n\t\t<div class=\"clearfix\"><\/div>\r\n\t<\/div>\r\n<\/div>\t\t\t\t<\/div>\n\t\t\t\t<\/div>\n\t\t\t\t<div class=\"elementor-element elementor-element-493352a elementor-widget elementor-widget-tm-ele-text-editor\" data-id=\"493352a\" data-element_type=\"widget\" data-e-type=\"widget\" data-widget_type=\"tm-ele-text-editor.default\">\n\t\t\t\t<div class=\"elementor-widget-container\">\n\t\t\t\t\t\t\t<div class=\"tm-text-editor\" >\r\n\t\t<p><span>Kurumsal organizasyonlarda zaman y\u00f6netimi, misafir kar\u015f\u0131lama ve gizlilik b\u00fcy\u00fck \u00f6nem ta\u015f\u0131r. Bu nedenle kurumsal m\u00fc\u015fterilerimize \u00f6zel rota planlamas\u0131, zamanl\u0131 kar\u015f\u0131lama ve profesyonel \u015fof\u00f6r tahsisi sunuyoruz. Ayr\u0131ca uzun d\u00f6nem etkinlikler i\u00e7in filo deste\u011fi sa\u011flayarak, \u015firketlerin lojistik y\u00fck\u00fcn\u00fc hafifletiyoruz. Bu yakla\u015f\u0131m, etkinlik sahiplerinin oda\u011f\u0131n\u0131 organizasyonun i\u00e7eri\u011fine kayd\u0131rmas\u0131na imk\u00e2n verir.<\/span><\/p>\t\t<\/div>\r\n\t\t\t\t\t<\/div>\n\t\t\t\t<\/div>\n\t\t<div class=\"elementor-element elementor-element-043c09e e-con-full e-flex tm-col-stretched-none tm-bg-color-over-image e-con e-child\" data-id=\"043c09e\" data-element_type=\"container\" data-e-type=\"container\">\n\t\t<div class=\"elementor-element elementor-element-549c403 e-con-full e-flex tm-col-stretched-none tm-bg-color-over-image e-con e-child\" data-id=\"549c403\" data-element_type=\"container\" data-e-type=\"container\">\n\t\t<div class=\"elementor-element elementor-element-39e9149 e-con-full e-flex tm-col-stretched-none tm-bg-color-over-image e-con e-child\" data-id=\"39e9149\" data-element_type=\"container\" data-e-type=\"container\">\n\t\t\t\t<div class=\"elementor-element elementor-element-98917bc elementor-widget elementor-widget-image\" data-id=\"98917bc\" data-element_type=\"widget\" data-e-type=\"widget\" data-widget_type=\"image.default\">\n\t\t\t\t\t\t\t\t\t\t\t\t\t\t\t<img fetchpriority=\"high\" decoding=\"async\" width=\"1024\" height=\"576\" src=\"https:\/\/www.yildizturizm.com.tr\/wp-content\/uploads\/2025\/12\/o3-1024x576.png\" class=\"attachment-large size-large wp-image-9554\" alt=\"ara\u00e7 s\u00fcren s\u00f6f\u00f6rler\" srcset=\"https:\/\/www.yildizturizm.com.tr\/wp-content\/uploads\/2025\/12\/o3-1024x576.png 1024w, https:\/\/www.yildizturizm.com.tr\/wp-content\/uploads\/2025\/12\/o3-600x338.png 600w, https:\/\/www.yildizturizm.com.tr\/wp-content\/uploads\/2025\/12\/o3-300x169.png 300w, https:\/\/www.yildizturizm.com.tr\/wp-content\/uploads\/2025\/12\/o3-768x432.png 768w, https:\/\/www.yildizturizm.com.tr\/wp-content\/uploads\/2025\/12\/o3.png 1290w\" sizes=\"(max-width: 1024px) 100vw, 1024px\" \/>\t\t\t\t\t\t\t\t\t\t\t\t\t\t\t<\/div>\n\t\t\t\t<\/div>\n\t\t\t\t<\/div>\n\t\t<div class=\"elementor-element elementor-element-ae2068e e-con-full e-flex tm-col-stretched-none tm-bg-color-over-image e-con e-child\" data-id=\"ae2068e\" data-element_type=\"container\" data-e-type=\"container\">\n\t\t\t\t<div class=\"elementor-element elementor-element-85e2d54 elementor-widget elementor-widget-tm-ele-text-editor\" data-id=\"85e2d54\" data-element_type=\"widget\" data-e-type=\"widget\" data-widget_type=\"tm-ele-text-editor.default\">\n\t\t\t\t<div class=\"elementor-widget-container\">\n\t\t\t\t\t\t\t<div class=\"tm-text-editor\" >\r\n\t\t<h3><span dir=\"auto\">Avantajlar\u0131m\u0131z<\/span><\/h3>\t\t<\/div>\r\n\t\t\t\t\t<\/div>\n\t\t\t\t<\/div>\n\t\t\t\t<div class=\"elementor-element elementor-element-01ff825 elementor-widget elementor-widget-text-editor\" data-id=\"01ff825\" data-element_type=\"widget\" data-e-type=\"widget\" data-widget_type=\"text-editor.default\">\n\t\t\t\t\t\t\t\t\t<p><span>Bir\u00e7ok avantajdan sadece ikisi\u2026<\/span><\/p>\t\t\t\t\t\t\t\t<\/div>\n\t\t\t\t<div class=\"elementor-element elementor-element-01c2290 elementor-widget elementor-widget-tm-ele-iconbox\" data-id=\"01c2290\" data-element_type=\"widget\" data-e-type=\"widget\" data-widget_type=\"tm-ele-iconbox.default\">\n\t\t\t\t<div class=\"elementor-widget-container\">\n\t\t\t\t\t<div class=\"tm-sc-icon-box icon-box icon-left font-icon icon-left animate-hover icon-rotate-y\">\r\n\t\r\n  \t<div class=\"icon-box-wrapper\">\r\n\t\t\r\n\t\t<div class=\"icon-wrapper\">\r\n\t\t<div class=\"icon icon-circled icon-type-font-icon icon-md\">\r\n\t\t\t<svg aria-hidden=\"true\" class=\"e-font-icon-svg e-fas-university\" viewBox=\"0 0 512 512\" xmlns=\"http:\/\/www.w3.org\/2000\/svg\"><path d=\"M496 128v16a8 8 0 0 1-8 8h-24v12c0 6.627-5.373 12-12 12H60c-6.627 0-12-5.373-12-12v-12H24a8 8 0 0 1-8-8v-16a8 8 0 0 1 4.941-7.392l232-88a7.996 7.996 0 0 1 6.118 0l232 88A8 8 0 0 1 496 128zm-24 304H40c-13.255 0-24 10.745-24 24v16a8 8 0 0 0 8 8h464a8 8 0 0 0 8-8v-16c0-13.255-10.745-24-24-24zM96 192v192H60c-6.627 0-12 5.373-12 12v20h416v-20c0-6.627-5.373-12-12-12h-36V192h-64v192h-64V192h-64v192h-64V192H96z\"><\/path><\/svg>\t\t<\/div>\r\n\r\n\t\t\t<\/div>\r\n\t\t\t<div class=\"icon-text\">\r\n\t\t\t\t\t\t\r\n\t\t\t\t<h5 class=\"icon-box-title \">\r\n\t\t\t\t\t\t\tTuristik Geziler & K\u00fclt\u00fcrel Turlar\t\t\t\t\t<\/h5>\r\n\t\t\t\t\t<div class=\"content\"><p><span>Mersin ve \u00e7evresinin do\u011fal ve tarihi g\u00fczelliklerine y\u00f6nelik tur programlar\u0131 d\u00fczenliyoruz.<\/span><\/p><\/div>\r\n\t\t\t\r\n\t\t\t\r\n\t\r\n\t\t\t\t\t<\/div>\r\n\t\t<div class=\"clearfix\"><\/div>\r\n\t<\/div>\r\n<\/div>\t\t\t\t<\/div>\n\t\t\t\t<\/div>\n\t\t\t\t<div class=\"elementor-element elementor-element-089e281 elementor-widget elementor-widget-tm-ele-iconbox\" data-id=\"089e281\" data-element_type=\"widget\" data-e-type=\"widget\" data-widget_type=\"tm-ele-iconbox.default\">\n\t\t\t\t<div class=\"elementor-widget-container\">\n\t\t\t\t\t<div class=\"tm-sc-icon-box icon-box icon-left font-icon icon-left animate-hover icon-rotate-y\">\r\n\t\r\n  \t<div class=\"icon-box-wrapper\">\r\n\t\t\r\n\t\t<div class=\"icon-wrapper\">\r\n\t\t<div class=\"icon icon-default icon-type-font-icon icon-md\">\r\n\t\t\t<svg aria-hidden=\"true\" class=\"e-font-icon-svg e-fas-user-graduate\" viewBox=\"0 0 448 512\" xmlns=\"http:\/\/www.w3.org\/2000\/svg\"><path d=\"M319.4 320.6L224 416l-95.4-95.4C57.1 323.7 0 382.2 0 454.4v9.6c0 26.5 21.5 48 48 48h352c26.5 0 48-21.5 48-48v-9.6c0-72.2-57.1-130.7-128.6-133.8zM13.6 79.8l6.4 1.5v58.4c-7 4.2-12 11.5-12 20.3 0 8.4 4.6 15.4 11.1 19.7L3.5 242c-1.7 6.9 2.1 14 7.6 14h41.8c5.5 0 9.3-7.1 7.6-14l-15.6-62.3C51.4 175.4 56 168.4 56 160c0-8.8-5-16.1-12-20.3V87.1l66 15.9c-8.6 17.2-14 36.4-14 57 0 70.7 57.3 128 128 128s128-57.3 128-128c0-20.6-5.3-39.8-14-57l96.3-23.2c18.2-4.4 18.2-27.1 0-31.5l-190.4-46c-13-3.1-26.7-3.1-39.7 0L13.6 48.2c-18.1 4.4-18.1 27.2 0 31.6z\"><\/path><\/svg>\t\t<\/div>\r\n\r\n\t\t\t<\/div>\r\n\t\t\t<div class=\"icon-text\">\r\n\t\t\t\t\t\t\r\n\t\t\t\t<h5 class=\"icon-box-title \">\r\n\t\t\t\t\t\t\tOkul Turlar\u0131 & E\u011fitim Gezileri\t\t\t\t\t<\/h5>\r\n\t\t\t\t\t<div class=\"content\"><p><span>\u00d6\u011frenci gruplar\u0131 i\u00e7in tasarlanm\u0131\u015f uygun ara\u00e7lar, deneyimli s\u00fcr\u00fcc\u00fcler ve rehber personel ile i\u015f birli\u011fi yap\u0131yoruz.<\/span><\/p><\/div>\r\n\t\t\t\r\n\t\t\t\r\n\t\r\n\t\t\t\t\t<\/div>\r\n\t\t<div class=\"clearfix\"><\/div>\r\n\t<\/div>\r\n<\/div>\t\t\t\t<\/div>\n\t\t\t\t<\/div>\n\t\t\t\t<\/div>\n\t\t\t\t<\/div>\n\t\t\t\t<div class=\"elementor-element elementor-element-296c8b3 elementor-widget elementor-widget-tm-ele-accordion\" data-id=\"296c8b3\" data-element_type=\"widget\" data-e-type=\"widget\" data-widget_type=\"tm-ele-accordion.skin-classic\">\n\t\t\t\t<div class=\"elementor-widget-container\">\n\t\t\t\t\t\t\t<div id=\"accordion-holder-227990\" class=\"tm-accordion skin-classic\">\r\n\t\r\n  <div class=\"card active\">\r\n    <div class=\"card-header p-0\" id=\"heading171\">\r\n      <h5 class=\"title \" data-bs-toggle=\"collapse\" data-bs-target=\"#collapse171\" aria-expanded=\"true\" aria-controls=\"collapse171\">\r\n        <span class=\"text\">Kurumsal Organizasyon Ta\u015f\u0131mac\u0131l\u0131\u011f\u0131<\/span>\r\n        <span class=\"accordion-controls-icon\"><svg class=\"e-font-icon-svg e-fas-chevron-down\" viewBox=\"0 0 448 512\" xmlns=\"http:\/\/www.w3.org\/2000\/svg\"><path d=\"M207.029 381.476L12.686 187.132c-9.373-9.373-9.373-24.569 0-33.941l22.667-22.667c9.357-9.357 24.522-9.375 33.901-.04L224 284.505l154.745-154.021c9.379-9.335 24.544-9.317 33.901.04l22.667 22.667c9.373 9.373 9.373 24.569 0 33.941L240.971 381.476c-9.373 9.372-24.569 9.372-33.942 0z\"><\/path><\/svg><\/span>\r\n      <\/h5>\r\n    <\/div>\r\n    <div id=\"collapse171\" class=\"collapse show\" aria-labelledby=\"heading171\" data-bs-parent=\"#accordion-holder-227990\">\r\n      <div class=\"card-body\">\r\n        <p><span>Kurumsal organizasyonlarda zaman y\u00f6netimi, misafir kar\u015f\u0131lama ve gizlilik b\u00fcy\u00fck \u00f6nem ta\u015f\u0131r. Bu nedenle kurumsal m\u00fc\u015fterilerimize \u00f6zel rota planlamas\u0131, zamanl\u0131 kar\u015f\u0131lama ve profesyonel \u015fof\u00f6r tahsisi sunuyoruz. Ayr\u0131ca uzun d\u00f6nem etkinlikler i\u00e7in filo deste\u011fi sa\u011flayarak, \u015firketlerin lojistik y\u00fck\u00fcn\u00fc hafifletiyoruz. Bu yakla\u015f\u0131m, etkinlik sahiplerinin oda\u011f\u0131n\u0131 organizasyonun i\u00e7eri\u011fine kayd\u0131rmas\u0131na imk\u00e2n verir.<\/span><\/p>      <\/div>\r\n    <\/div>\r\n  <\/div>\r\n\r\n  <div class=\"card \">\r\n    <div class=\"card-header p-0\" id=\"heading172\">\r\n      <h5 class=\"title collapsed\" data-bs-toggle=\"collapse\" data-bs-target=\"#collapse172\" aria-expanded=\"false\" aria-controls=\"collapse172\">\r\n        <span class=\"text\">Geni\u015f ve Modern Ara\u00e7 Filomuz<\/span>\r\n        <span class=\"accordion-controls-icon\"><svg class=\"e-font-icon-svg e-fas-chevron-down\" viewBox=\"0 0 448 512\" xmlns=\"http:\/\/www.w3.org\/2000\/svg\"><path d=\"M207.029 381.476L12.686 187.132c-9.373-9.373-9.373-24.569 0-33.941l22.667-22.667c9.357-9.357 24.522-9.375 33.901-.04L224 284.505l154.745-154.021c9.379-9.335 24.544-9.317 33.901.04l22.667 22.667c9.373 9.373 9.373 24.569 0 33.941L240.971 381.476c-9.373 9.372-24.569 9.372-33.942 0z\"><\/path><\/svg><\/span>\r\n      <\/h5>\r\n    <\/div>\r\n    <div id=\"collapse172\" class=\"collapse \" aria-labelledby=\"heading172\" data-bs-parent=\"#accordion-holder-227990\">\r\n      <div class=\"card-body\">\r\n        <p><span>Filomuz minib\u00fcs, midib\u00fcs ve otob\u00fcs se\u00e7enekleriyle farkl\u0131 grup b\u00fcy\u00fckl\u00fcklerine uygun \u00e7\u00f6z\u00fcmler sunar. Ayr\u0131ca \u015fof\u00f6rl\u00fc ara\u00e7 ve VIP transfer taleplerine y\u00f6nelik \u00f6zel ara\u00e7lar\u0131m\u0131z mevcuttur. Ara\u00e7lar d\u00fczenli bak\u0131m, periyodik temizlik ve teknik kontrollerden ge\u00e7irilir; b\u00f6ylece her seferinde konforlu ve g\u00fcvenli bir yolculuk sa\u011flan\u0131r. Ayr\u0131ca bagaj kapasitesi, koltuk d\u00fczeni ve eri\u015filebilirlik gibi konularda kurumsal gereksinimlere uygun planlama yap\u0131l\u0131r.<\/span><\/p>      <\/div>\r\n    <\/div>\r\n  <\/div>\r\n\r\n  <div class=\"card \">\r\n    <div class=\"card-header p-0\" id=\"heading173\">\r\n      <h5 class=\"title collapsed\" data-bs-toggle=\"collapse\" data-bs-target=\"#collapse173\" aria-expanded=\"false\" aria-controls=\"collapse173\">\r\n        <span class=\"text\">Planlama, Koordinasyon ve Raporlama<\/span>\r\n        <span class=\"accordion-controls-icon\"><svg class=\"e-font-icon-svg e-fas-chevron-down\" viewBox=\"0 0 448 512\" xmlns=\"http:\/\/www.w3.org\/2000\/svg\"><path d=\"M207.029 381.476L12.686 187.132c-9.373-9.373-9.373-24.569 0-33.941l22.667-22.667c9.357-9.357 24.522-9.375 33.901-.04L224 284.505l154.745-154.021c9.379-9.335 24.544-9.317 33.901.04l22.667 22.667c9.373 9.373 9.373 24.569 0 33.941L240.971 381.476c-9.373 9.372-24.569 9.372-33.942 0z\"><\/path><\/svg><\/span>\r\n      <\/h5>\r\n    <\/div>\r\n    <div id=\"collapse173\" class=\"collapse \" aria-labelledby=\"heading173\" data-bs-parent=\"#accordion-holder-227990\">\r\n      <div class=\"card-body\">\r\n        <p><span>Her organizasyon \u00f6ncesi detayl\u0131 planlama toplant\u0131s\u0131 yapar, g\u00fczerg\u00e2h, mola noktalar\u0131, ara\u00e7 kapasitesi ve zaman \u00e7izelgesini belirleriz. Ayr\u0131ca etkinlik sonras\u0131 k\u0131sa bir rapor sunarak ara\u00e7 kullan\u0131m s\u00fcreleri, yolculuk s\u00fcreleri ve varsa aksakl\u0131klar\u0131 payla\u015f\u0131r\u0131z. Bu kurumsal yakla\u015f\u0131m sayesinde sonraki organizasyonlar daha verimli planlan\u0131r ve maliyetler d\u00fc\u015fer.<\/span><\/p>      <\/div>\r\n    <\/div>\r\n  <\/div>\r\n\r\n  <div class=\"card \">\r\n    <div class=\"card-header p-0\" id=\"heading174\">\r\n      <h5 class=\"title collapsed\" data-bs-toggle=\"collapse\" data-bs-target=\"#collapse174\" aria-expanded=\"false\" aria-controls=\"collapse174\">\r\n        <span class=\"text\">Neden Y\u0131ld\u0131z Turizm?<\/span>\r\n        <span class=\"accordion-controls-icon\"><svg class=\"e-font-icon-svg e-fas-chevron-down\" viewBox=\"0 0 448 512\" xmlns=\"http:\/\/www.w3.org\/2000\/svg\"><path d=\"M207.029 381.476L12.686 187.132c-9.373-9.373-9.373-24.569 0-33.941l22.667-22.667c9.357-9.357 24.522-9.375 33.901-.04L224 284.505l154.745-154.021c9.379-9.335 24.544-9.317 33.901.04l22.667 22.667c9.373 9.373 9.373 24.569 0 33.941L240.971 381.476c-9.373 9.372-24.569 9.372-33.942 0z\"><\/path><\/svg><\/span>\r\n      <\/h5>\r\n    <\/div>\r\n    <div id=\"collapse174\" class=\"collapse \" aria-labelledby=\"heading174\" data-bs-parent=\"#accordion-holder-227990\">\r\n      <div class=\"card-body\">\r\n        <p class=\"mb-25\">\u00c7\u00fcnk\u00fc biz planl\u0131 \u00e7al\u0131\u015f\u0131r, g\u00fcvenli\u011fi ve konforu \u00f6nceleriz. Ayr\u0131ca kurumsal hizmet anlay\u0131\u015f\u0131m\u0131zla organizasyonunuza \u00f6zel \u00e7\u00f6z\u00fcmler geli\u015ftiririz. Misafir memnuniyeti, zaman y\u00f6netimi ve \u015feffaf ileti\u015fim ilkelerimiz do\u011frultusunda hareket ederek, Mersin\u2019de tur ve organizasyon ta\u015f\u0131ma ihtiya\u00e7lar\u0131n\u0131z\u0131 eksiksiz kar\u015f\u0131lar\u0131z.<\/p><p class=\"mb-30\">Organizasyonunuzun tipi ne olursa olsun \u2014 \u015firket gezisi, k\u00fclt\u00fcr turu, okul etkinli\u011fi veya fuar transferi \u2014 bizimle ileti\u015fime ge\u00e7in; ihtiya\u00e7lar\u0131n\u0131za uygun ara\u00e7 ve personel se\u00e7imi ile planlamay\u0131 \u00fcstlenelim. B\u00f6ylece etkinli\u011finiz boyunca ula\u015f\u0131m taraf\u0131n\u0131 bize b\u0131rak\u0131p ana programa odaklanabilirsiniz.<\/p>      <\/div>\r\n    <\/div>\r\n  <\/div>\r\n\t\t<\/div>\r\n\t\t\t\t\t<\/div>\n\t\t\t\t<\/div>\n\t\t\t\t<\/div>\n\t\t\t\t\t<\/div>\n\t\t\t\t<\/div>\n\t\t\t\t<\/div>\n\t\t","protected":false},"excerpt":{"rendered":"<p>T\u00fcm Hizmetlerimiz Personel Servisi \u00d6\u011frenci Servisi VIP-servisi Tur Ve Organizasyon Hizmetleri Filo Kiralama Herhangi bir sorunuz varsa l\u00fctfen ileti\u015fime ge\u00e7mekten&#8230;<\/p>\n","protected":false},"author":1,"featured_media":0,"parent":0,"menu_order":0,"comment_status":"closed","ping_status":"closed","template":"","meta":{"_monsterinsights_skip_tracking":false,"_monsterinsights_sitenote_active":false,"_monsterinsights_sitenote_note":"","_monsterinsights_sitenote_category":0,"footnotes":""},"class_list":["post-9786","page","type-page","status-publish","hentry"],"aioseo_notices":[],"_links":{"self":[{"href":"https:\/\/www.yildizturizm.com.tr\/index.php\/wp-json\/wp\/v2\/pages\/9786","targetHints":{"allow":["GET"]}}],"collection":[{"href":"https:\/\/www.yildizturizm.com.tr\/index.php\/wp-json\/wp\/v2\/pages"}],"about":[{"href":"https:\/\/www.yildizturizm.com.tr\/index.php\/wp-json\/wp\/v2\/types\/page"}],"author":[{"embeddable":true,"href":"https:\/\/www.yildizturizm.com.tr\/index.php\/wp-json\/wp\/v2\/users\/1"}],"replies":[{"embeddable":true,"href":"https:\/\/www.yildizturizm.com.tr\/index.php\/wp-json\/wp\/v2\/comments?post=9786"}],"version-history":[{"count":35,"href":"https:\/\/www.yildizturizm.com.tr\/index.php\/wp-json\/wp\/v2\/pages\/9786\/revisions"}],"predecessor-version":[{"id":10183,"href":"https:\/\/www.yildizturizm.com.tr\/index.php\/wp-json\/wp\/v2\/pages\/9786\/revisions\/10183"}],"wp:attachment":[{"href":"https:\/\/www.yildizturizm.com.tr\/index.php\/wp-json\/wp\/v2\/media?parent=9786"}],"curies":[{"name":"wp","href":"https:\/\/api.w.org\/{rel}","templated":true}]}}