{"id":9785,"date":"2025-12-10T17:13:16","date_gmt":"2025-12-10T14:13:16","guid":{"rendered":"https:\/\/www.yildizturizm.com.tr\/?page_id=9785"},"modified":"2026-02-03T09:17:26","modified_gmt":"2026-02-03T06:17:26","slug":"filo-kiralama","status":"publish","type":"page","link":"https:\/\/www.yildizturizm.com.tr\/index.php\/filo-kiralama\/","title":{"rendered":"Filo Kiralama"},"content":{"rendered":"\t\t<div data-elementor-type=\"wp-page\" data-elementor-id=\"9785\" class=\"elementor elementor-9785\">\n\t\t\t\t<div class=\"elementor-element elementor-element-4745127 e-flex e-con-boxed tm-col-stretched-none tm-bg-color-over-image e-con e-parent\" data-id=\"4745127\" data-element_type=\"container\" data-e-type=\"container\">\n\t\t\t\t\t<div class=\"e-con-inner\">\n\t\t<div class=\"elementor-element elementor-element-023e4d9 e-con-full e-flex tm-col-stretched-none tm-bg-color-over-image e-con e-child\" data-id=\"023e4d9\" data-element_type=\"container\" data-e-type=\"container\">\n\t\t<div class=\"elementor-element elementor-element-3d4972f e-con-full e-flex tm-col-stretched-none tm-bg-color-over-image e-con e-child\" data-id=\"3d4972f\" data-element_type=\"container\" data-e-type=\"container\" data-settings=\"{&quot;background_background&quot;:&quot;classic&quot;}\">\n\t\t<div class=\"elementor-element elementor-element-a9173b2 e-con-full e-flex tm-col-stretched-none tm-bg-color-over-image e-con e-child\" data-id=\"a9173b2\" data-element_type=\"container\" data-e-type=\"container\">\n\t\t\t\t<div class=\"elementor-element elementor-element-dc91469 elementor-widget elementor-widget-tm-ele-text-editor\" data-id=\"dc91469\" data-element_type=\"widget\" data-e-type=\"widget\" data-widget_type=\"tm-ele-text-editor.default\">\n\t\t\t\t<div class=\"elementor-widget-container\">\n\t\t\t\t\t\t\t<div class=\"tm-text-editor\" >\r\n\t\t<h4>T\u00fcm Hizmetlerimiz<\/h4>\t\t<\/div>\r\n\t\t\t\t\t<\/div>\n\t\t\t\t<\/div>\n\t\t\t\t<div class=\"elementor-element elementor-element-cca2a37 elementor-widget elementor-widget-tm-ele-navigation-menu\" data-id=\"cca2a37\" data-element_type=\"widget\" data-e-type=\"widget\" data-widget_type=\"tm-ele-navigation-menu.default\">\n\t\t\t\t<div class=\"elementor-widget-container\">\n\t\t\t\t\t<div class=\"tm-sc-simple-nav-menu\"><ul id=\"menu-services-menu\" class=\"\"><li id=\"menu-item-9792\" class=\"menu-item menu-item-type-post_type menu-item-object-page menu-item-9792\"><a href=\"https:\/\/www.yildizturizm.com.tr\/index.php\/personel-servisi\/\"><i class=\"tm-nav-arrow-icon  flaticon-common-plus\"><\/i>Personel Servisi<\/a><\/li>\n<li id=\"menu-item-9791\" class=\"menu-item menu-item-type-post_type menu-item-object-page menu-item-9791\"><a href=\"https:\/\/www.yildizturizm.com.tr\/index.php\/ogrenci-servisi\/\"><i class=\"tm-nav-arrow-icon  flaticon-common-plus\"><\/i>\u00d6\u011frenci Servisi<\/a><\/li>\n<li id=\"menu-item-9794\" class=\"menu-item menu-item-type-post_type menu-item-object-page menu-item-9794\"><a href=\"https:\/\/www.yildizturizm.com.tr\/index.php\/vip-servisi\/\"><i class=\"tm-nav-arrow-icon  flaticon-common-plus\"><\/i>VIP SERV\u0130S<\/a><\/li>\n<li id=\"menu-item-9793\" class=\"menu-item menu-item-type-post_type menu-item-object-page menu-item-9793\"><a href=\"https:\/\/www.yildizturizm.com.tr\/index.php\/tur-ve-organizasyon\/\"><i class=\"tm-nav-arrow-icon  flaticon-common-plus\"><\/i>Tur Ve Organizasyon Hizmetleri<\/a><\/li>\n<li id=\"menu-item-9790\" class=\"menu-item menu-item-type-post_type menu-item-object-page menu-item-9790\"><a href=\"https:\/\/www.yildizturizm.com.tr\/index.php\/filo-kiralama\/\"><i class=\"tm-nav-arrow-icon  flaticon-common-plus\"><\/i>Filo Kiralama<\/a><\/li>\n<\/ul><\/div>\t\t\t\t<\/div>\n\t\t\t\t<\/div>\n\t\t\t\t<\/div>\n\t\t\t\t<\/div>\n\t\t<div class=\"elementor-element elementor-element-5b052a9 e-con-full e-flex tm-col-stretched-none tm-bg-color-over-image e-con e-child\" data-id=\"5b052a9\" data-element_type=\"container\" data-e-type=\"container\">\n\t\t<div class=\"elementor-element elementor-element-bcfa8c5 e-con-full e-flex tm-col-stretched-none tm-bg-color-over-image e-con e-child\" data-id=\"bcfa8c5\" data-element_type=\"container\" data-e-type=\"container\" data-settings=\"{&quot;background_background&quot;:&quot;classic&quot;}\">\n\t\t\t\t<div class=\"elementor-element elementor-element-3e9fc9b elementor-widget elementor-widget-tm-ele-iconbox\" data-id=\"3e9fc9b\" data-element_type=\"widget\" data-e-type=\"widget\" data-widget_type=\"tm-ele-iconbox.default\">\n\t\t\t\t<div class=\"elementor-widget-container\">\n\t\t\t\t\t<div class=\"tm-sc-icon-box icon-box icon-top font-icon responsive-tablet responsive-mobile icon-top animate-hover icon-rotate-y\">\r\n\t\r\n  \t<div class=\"icon-box-wrapper\">\r\n\t\t\r\n\t\t<div class=\"icon-wrapper\">\r\n\t\t<div class=\"icon icon-circled icon-type-font-icon icon-md\">\r\n\t\t\t<i aria-hidden=\"true\" class=\" flaticon-common-call\"><\/i>\t\t<\/div>\r\n\r\n\t\t\t<\/div>\r\n\t\t\t<div class=\"icon-text\">\r\n\t\t\t\t\t\t\r\n\t\t\t\t<h4 class=\"icon-box-title \">\r\n\t\t\t\t\t\t\tHerhangi bir sorunuz varsa l\u00fctfen ileti\u015fime ge\u00e7mekten \u00e7ekinmeyin\t\t\t\t\t<\/h4>\r\n\t\t\t\t\t\t\t\t\r\n\t\t\t\r\n\t\r\n\t\t\t\t\t\t<div class=\"btn-view-details \">\r\n    <a  \r\n            href=\"\/index.php\/iletisim\/\"\r\n      class=\"btn btn-theme-colored1 mt-2\">\r\n      \u0130leti\u015fim    <\/a>\r\n<\/div>\t\t\t\t\t<\/div>\r\n\t\t<div class=\"clearfix\"><\/div>\r\n\t<\/div>\r\n<\/div>\t\t\t\t<\/div>\n\t\t\t\t<\/div>\n\t\t\t\t<\/div>\n\t\t\t\t<\/div>\n\t\t\t\t<\/div>\n\t\t<div class=\"elementor-element elementor-element-1a9c273 e-con-full e-flex tm-col-stretched-none tm-bg-color-over-image e-con e-child\" data-id=\"1a9c273\" data-element_type=\"container\" data-e-type=\"container\">\n\t\t\t\t<div class=\"elementor-element elementor-element-2dcab80 elementor-widget elementor-widget-image\" data-id=\"2dcab80\" data-element_type=\"widget\" data-e-type=\"widget\" data-widget_type=\"image.default\">\n\t\t\t\t\t\t\t\t\t\t\t\t\t\t\t<img fetchpriority=\"high\" decoding=\"async\" width=\"1024\" height=\"725\" src=\"https:\/\/www.yildizturizm.com.tr\/wp-content\/uploads\/2025\/12\/page-13-1024x725.png\" class=\"attachment-large size-large wp-image-9984\" alt=\"F\u0130LO K\u0130RALAMA\" srcset=\"https:\/\/www.yildizturizm.com.tr\/wp-content\/uploads\/2025\/12\/page-13-1024x725.png 1024w, https:\/\/www.yildizturizm.com.tr\/wp-content\/uploads\/2025\/12\/page-13-300x212.png 300w, https:\/\/www.yildizturizm.com.tr\/wp-content\/uploads\/2025\/12\/page-13-768x543.png 768w, https:\/\/www.yildizturizm.com.tr\/wp-content\/uploads\/2025\/12\/page-13-1536x1087.png 1536w, https:\/\/www.yildizturizm.com.tr\/wp-content\/uploads\/2025\/12\/page-13-600x425.png 600w, https:\/\/www.yildizturizm.com.tr\/wp-content\/uploads\/2025\/12\/page-13.png 1754w\" sizes=\"(max-width: 1024px) 100vw, 1024px\" \/>\t\t\t\t\t\t\t\t\t\t\t\t\t\t\t<\/div>\n\t\t\t\t<div class=\"elementor-element elementor-element-93579f4 elementor-widget elementor-widget-tm-ele-text-editor\" data-id=\"93579f4\" data-element_type=\"widget\" data-e-type=\"widget\" data-widget_type=\"tm-ele-text-editor.default\">\n\t\t\t\t<div class=\"elementor-widget-container\">\n\t\t\t\t\t\t\t<div class=\"tm-text-editor\" >\r\n\t\t<h2 class=\"page-title\">\u00d6zel G\u00fcnleriniz, Kurumsal \u0130htiya\u00e7lar\u0131n\u0131z ve S\u00fcrekli Filo \u00c7\u00f6z\u00fcmleri<\/h2>\t\t<\/div>\r\n\t\t\t\t\t<\/div>\n\t\t\t\t<\/div>\n\t\t\t\t<div class=\"elementor-element elementor-element-a08eb23 elementor-widget elementor-widget-tm-ele-text-editor\" data-id=\"a08eb23\" data-element_type=\"widget\" data-e-type=\"widget\" data-widget_type=\"tm-ele-text-editor.default\">\n\t\t\t\t<div class=\"elementor-widget-container\">\n\t\t\t\t\t\t\t<div class=\"tm-text-editor\" >\r\n\t\t<p><span>Y\u0131ld\u0131z Turizm olarak Mersin filo kiralama hizmetimiz; d\u00fc\u011f\u00fcn, ni\u015fan, \u015firket organizasyonlar\u0131, fuar transferleri ve personel ta\u015f\u0131ma gibi farkl\u0131 ihtiya\u00e7lara \u00e7\u00f6z\u00fcm sunmak \u00fczere tasarland\u0131. Kurumsal yakla\u015f\u0131m\u0131m\u0131z sayesinde filo y\u00f6netimi, ara\u00e7 tahsisi, s\u00fcr\u00fcc\u00fc temini ve lojistik planlama s\u00fcre\u00e7lerini tek elden y\u00f6netiyoruz. Amac\u0131m\u0131z, m\u00fc\u015fterilerimizin ula\u015f\u0131m taraf\u0131ndaki t\u00fcm y\u00fck\u00fcn\u00fc al\u0131p onlara kusursuz bir deneyim sunmakt\u0131r.<\/span><\/p>\t\t<\/div>\r\n\t\t\t\t\t<\/div>\n\t\t\t\t<\/div>\n\t\t\t\t<div class=\"elementor-element elementor-element-b8081f1 elementor-widget elementor-widget-tm-ele-iconbox\" data-id=\"b8081f1\" data-element_type=\"widget\" data-e-type=\"widget\" data-widget_type=\"tm-ele-iconbox.default\">\n\t\t\t\t<div class=\"elementor-widget-container\">\n\t\t\t\t\t<div class=\"tm-sc-icon-box icon-box icon-top no-icon icon-top animate-hover icon-rotate-y\">\r\n\t\r\n  \t<div class=\"icon-box-wrapper\">\r\n\t\t\r\n\t\t\t<div class=\"icon-text\">\r\n\t\t\t\t\t\t\r\n\t\t\t\t<p class=\"icon-box-title \">\r\n\t\t\t\t\t\t\tFilomuzda minib\u00fcs, midib\u00fcs, otob\u00fcs ve VIP sedanlardan olu\u015fan geni\u015f bir ara\u00e7 yelpazesi bulunur. Her ara\u00e7, periyodik bak\u0131mdan ge\u00e7irilir ve temizlik-aksesuar kontrolleri yap\u0131larak teslim edilir. \t\t\t\t\t<\/p>\r\n\t\t\t\t\t\t\t\t\r\n\t\t\t\r\n\t\r\n\t\t\t\t\t<\/div>\r\n\t\t<div class=\"clearfix\"><\/div>\r\n\t<\/div>\r\n<\/div>\t\t\t\t<\/div>\n\t\t\t\t<\/div>\n\t\t\t\t<div class=\"elementor-element elementor-element-493352a elementor-widget elementor-widget-tm-ele-text-editor\" data-id=\"493352a\" data-element_type=\"widget\" data-e-type=\"widget\" data-widget_type=\"tm-ele-text-editor.default\">\n\t\t\t\t<div class=\"elementor-widget-container\">\n\t\t\t\t\t\t\t<div class=\"tm-text-editor\" >\r\n\t\t<p><span>Kurumsal firmalar i\u00e7in uzun d\u00f6nem filo kiralama hizmeti sunuyoruz. Uzun s\u00fcreli s\u00f6zle\u015fmelerde ara\u00e7 bak\u0131m\u0131, yedek ara\u00e7 temini ve 7\/24 m\u00fc\u015fteri deste\u011fi gibi avantajlar sa\u011flan\u0131r. \u015eirketlerin insan kaynaklar\u0131 ve saha operasyonlar\u0131yla koordineli \u00e7al\u0131\u015farak vardiya sistemine uygun ara\u00e7 planlamas\u0131 yapar\u0131z. B\u00f6ylece personel servisi veya saha ta\u015f\u0131ma ihtiya\u00e7lar\u0131 kesintisiz kar\u015f\u0131lan\u0131r.<\/span><\/p>\t\t<\/div>\r\n\t\t\t\t\t<\/div>\n\t\t\t\t<\/div>\n\t\t<div class=\"elementor-element elementor-element-043c09e e-con-full e-flex tm-col-stretched-none tm-bg-color-over-image e-con e-child\" data-id=\"043c09e\" data-element_type=\"container\" data-e-type=\"container\">\n\t\t<div class=\"elementor-element elementor-element-549c403 e-con-full e-flex tm-col-stretched-none tm-bg-color-over-image e-con e-child\" data-id=\"549c403\" data-element_type=\"container\" data-e-type=\"container\">\n\t\t<div class=\"elementor-element elementor-element-b0f7dec e-con-full e-flex tm-col-stretched-none tm-bg-color-over-image e-con e-child\" data-id=\"b0f7dec\" data-element_type=\"container\" data-e-type=\"container\">\n\t\t\t\t<div class=\"elementor-element elementor-element-b99c20e elementor-widget elementor-widget-image\" data-id=\"b99c20e\" data-element_type=\"widget\" data-e-type=\"widget\" data-widget_type=\"image.default\">\n\t\t\t\t\t\t\t\t\t\t\t\t\t\t\t<img decoding=\"async\" width=\"1024\" height=\"576\" src=\"https:\/\/www.yildizturizm.com.tr\/wp-content\/uploads\/2025\/12\/tur-1024x576.jpg\" class=\"attachment-large size-large wp-image-9555\" alt=\"t\u00fcm ara\u00e7 ve \u015f\u00f6f\u00f6rler\" srcset=\"https:\/\/www.yildizturizm.com.tr\/wp-content\/uploads\/2025\/12\/tur-1024x576.jpg 1024w, https:\/\/www.yildizturizm.com.tr\/wp-content\/uploads\/2025\/12\/tur-600x338.jpg 600w, https:\/\/www.yildizturizm.com.tr\/wp-content\/uploads\/2025\/12\/tur-300x169.jpg 300w, https:\/\/www.yildizturizm.com.tr\/wp-content\/uploads\/2025\/12\/tur-768x432.jpg 768w, https:\/\/www.yildizturizm.com.tr\/wp-content\/uploads\/2025\/12\/tur-1536x864.jpg 1536w, https:\/\/www.yildizturizm.com.tr\/wp-content\/uploads\/2025\/12\/tur.jpg 1980w\" sizes=\"(max-width: 1024px) 100vw, 1024px\" \/>\t\t\t\t\t\t\t\t\t\t\t\t\t\t\t<\/div>\n\t\t\t\t<\/div>\n\t\t\t\t<\/div>\n\t\t<div class=\"elementor-element elementor-element-ae2068e e-con-full e-flex tm-col-stretched-none tm-bg-color-over-image e-con e-child\" data-id=\"ae2068e\" data-element_type=\"container\" data-e-type=\"container\">\n\t\t\t\t<div class=\"elementor-element elementor-element-85e2d54 elementor-widget elementor-widget-tm-ele-text-editor\" data-id=\"85e2d54\" data-element_type=\"widget\" data-e-type=\"widget\" data-widget_type=\"tm-ele-text-editor.default\">\n\t\t\t\t<div class=\"elementor-widget-container\">\n\t\t\t\t\t\t\t<div class=\"tm-text-editor\" >\r\n\t\t<h3><span>Avantajlar\u0131m\u0131z<\/span><\/h3>\t\t<\/div>\r\n\t\t\t\t\t<\/div>\n\t\t\t\t<\/div>\n\t\t\t\t<div class=\"elementor-element elementor-element-01ff825 elementor-widget elementor-widget-text-editor\" data-id=\"01ff825\" data-element_type=\"widget\" data-e-type=\"widget\" data-widget_type=\"text-editor.default\">\n\t\t\t\t\t\t\t\t\t<p><span>Bir\u00e7ok avantajdan sadece ikisi\u2026<\/span><\/p>\t\t\t\t\t\t\t\t<\/div>\n\t\t\t\t<div class=\"elementor-element elementor-element-01c2290 elementor-widget elementor-widget-tm-ele-iconbox\" data-id=\"01c2290\" data-element_type=\"widget\" data-e-type=\"widget\" data-widget_type=\"tm-ele-iconbox.default\">\n\t\t\t\t<div class=\"elementor-widget-container\">\n\t\t\t\t\t<div class=\"tm-sc-icon-box icon-box icon-left font-icon icon-left animate-hover icon-rotate-y\">\r\n\t\r\n  \t<div class=\"icon-box-wrapper\">\r\n\t\t\r\n\t\t<div class=\"icon-wrapper\">\r\n\t\t<div class=\"icon icon-circled icon-type-font-icon icon-md\">\r\n\t\t\t<svg aria-hidden=\"true\" class=\"e-font-icon-svg e-far-clock\" viewBox=\"0 0 512 512\" xmlns=\"http:\/\/www.w3.org\/2000\/svg\"><path d=\"M256 8C119 8 8 119 8 256s111 248 248 248 248-111 248-248S393 8 256 8zm0 448c-110.5 0-200-89.5-200-200S145.5 56 256 56s200 89.5 200 200-89.5 200-200 200zm61.8-104.4l-84.9-61.7c-3.1-2.3-4.9-5.9-4.9-9.7V116c0-6.6 5.4-12 12-12h32c6.6 0 12 5.4 12 12v141.7l66.8 48.6c5.4 3.9 6.5 11.4 2.6 16.8L334.6 349c-3.9 5.3-11.4 6.5-16.8 2.6z\"><\/path><\/svg>\t\t<\/div>\r\n\r\n\t\t\t<\/div>\r\n\t\t\t<div class=\"icon-text\">\r\n\t\t\t\t\t\t\r\n\t\t\t\t<h5 class=\"icon-box-title \">\r\n\t\t\t\t\t\t\tFilo Kiralama & Uzun D\u00f6nem Destek\t\t\t\t\t<\/h5>\r\n\t\t\t\t\t<div class=\"content\"><p><span>Kurumsal firmalar i\u00e7in uzun d\u00f6nem filo kiralama hizmeti sunuyoruz. Uzun s\u00fcreli s\u00f6zle\u015fmelerde ara\u00e7 bak\u0131m\u0131, yedek ara\u00e7 temini ve 7\/24 m\u00fc\u015fteri deste\u011fi gibi avantajlar sa\u011flan\u0131r.\u00a0<\/span><\/p><\/div>\r\n\t\t\t\r\n\t\t\t\r\n\t\r\n\t\t\t\t\t<\/div>\r\n\t\t<div class=\"clearfix\"><\/div>\r\n\t<\/div>\r\n<\/div>\t\t\t\t<\/div>\n\t\t\t\t<\/div>\n\t\t\t\t<div class=\"elementor-element elementor-element-089e281 elementor-widget elementor-widget-tm-ele-iconbox\" data-id=\"089e281\" data-element_type=\"widget\" data-e-type=\"widget\" data-widget_type=\"tm-ele-iconbox.default\">\n\t\t\t\t<div class=\"elementor-widget-container\">\n\t\t\t\t\t<div class=\"tm-sc-icon-box icon-box icon-left font-icon icon-left animate-hover icon-rotate-y\">\r\n\t\r\n  \t<div class=\"icon-box-wrapper\">\r\n\t\t\r\n\t\t<div class=\"icon-wrapper\">\r\n\t\t<div class=\"icon icon-default icon-type-font-icon icon-md\">\r\n\t\t\t<svg aria-hidden=\"true\" class=\"e-font-icon-svg e-fas-hands\" viewBox=\"0 0 640 512\" xmlns=\"http:\/\/www.w3.org\/2000\/svg\"><path d=\"M204.8 230.4c-10.6-14.1-30.7-17-44.8-6.4-14.1 10.6-17 30.7-6.4 44.8l38.1 50.8c4.8 6.4 4.1 15.3-1.5 20.9l-12.8 12.8c-6.7 6.7-17.6 6.2-23.6-1.1L64 244.4V96c0-17.7-14.3-32-32-32S0 78.3 0 96v218.4c0 10.9 3.7 21.5 10.5 30l104.1 134.3c5 6.5 8.4 13.9 10.4 21.7 1.8 6.9 8.1 11.6 15.3 11.6H272c8.8 0 16-7.2 16-16V384c0-27.7-9-54.6-25.6-76.8l-57.6-76.8zM608 64c-17.7 0-32 14.3-32 32v148.4l-89.8 107.8c-6 7.2-17 7.7-23.6 1.1l-12.8-12.8c-5.6-5.6-6.3-14.5-1.5-20.9l38.1-50.8c10.6-14.1 7.7-34.2-6.4-44.8-14.1-10.6-34.2-7.7-44.8 6.4l-57.6 76.8C361 329.4 352 356.3 352 384v112c0 8.8 7.2 16 16 16h131.7c7.1 0 13.5-4.7 15.3-11.6 2-7.8 5.4-15.2 10.4-21.7l104.1-134.3c6.8-8.5 10.5-19.1 10.5-30V96c0-17.7-14.3-32-32-32z\"><\/path><\/svg>\t\t<\/div>\r\n\r\n\t\t\t<\/div>\r\n\t\t\t<div class=\"icon-text\">\r\n\t\t\t\t\t\t\r\n\t\t\t\t<h5 class=\"icon-box-title \">\r\n\t\t\t\t\t\t\t\u00d6zel G\u00fcn & Organizasyon Filo\t\t\t\t\t<\/h5>\r\n\t\t\t\t\t<div class=\"content\"><p><span>D\u00fc\u011f\u00fcn, ni\u015fan, kutlama ve VIP kar\u015f\u0131lama gibi \u00f6zel g\u00fcnlerde prestijli bir filo sunuyoruz. Gelin arabas\u0131, konvoy, misafir transferleri ve VIP misafir kar\u015f\u0131lama gibi t\u00fcm detaylar\u0131 \u00f6nceden planlar, etkinlik g\u00fcn\u00fc ak\u0131\u015f\u0131n\u0131 sorunsuz y\u00f6netiriz.<\/span><\/p><\/div>\r\n\t\t\t\r\n\t\t\t\r\n\t\r\n\t\t\t\t\t<\/div>\r\n\t\t<div class=\"clearfix\"><\/div>\r\n\t<\/div>\r\n<\/div>\t\t\t\t<\/div>\n\t\t\t\t<\/div>\n\t\t\t\t<\/div>\n\t\t\t\t<\/div>\n\t\t\t\t<div class=\"elementor-element elementor-element-296c8b3 elementor-widget elementor-widget-tm-ele-accordion\" data-id=\"296c8b3\" data-element_type=\"widget\" data-e-type=\"widget\" data-widget_type=\"tm-ele-accordion.skin-classic\">\n\t\t\t\t<div class=\"elementor-widget-container\">\n\t\t\t\t\t\t\t<div id=\"accordion-holder-762591\" class=\"tm-accordion skin-classic\">\r\n\t\r\n  <div class=\"card active\">\r\n    <div class=\"card-header p-0\" id=\"heading741\">\r\n      <h5 class=\"title \" data-bs-toggle=\"collapse\" data-bs-target=\"#collapse741\" aria-expanded=\"true\" aria-controls=\"collapse741\">\r\n        <span class=\"text\">Uzun d\u00f6nem filo kiralama nas\u0131l \u00e7al\u0131\u015f\u0131r?<\/span>\r\n        <span class=\"accordion-controls-icon\"><svg class=\"e-font-icon-svg e-fas-chevron-down\" viewBox=\"0 0 448 512\" xmlns=\"http:\/\/www.w3.org\/2000\/svg\"><path d=\"M207.029 381.476L12.686 187.132c-9.373-9.373-9.373-24.569 0-33.941l22.667-22.667c9.357-9.357 24.522-9.375 33.901-.04L224 284.505l154.745-154.021c9.379-9.335 24.544-9.317 33.901.04l22.667 22.667c9.373 9.373 9.373 24.569 0 33.941L240.971 381.476c-9.373 9.372-24.569 9.372-33.942 0z\"><\/path><\/svg><\/span>\r\n      <\/h5>\r\n    <\/div>\r\n    <div id=\"collapse741\" class=\"collapse show\" aria-labelledby=\"heading741\" data-bs-parent=\"#accordion-holder-762591\">\r\n      <div class=\"card-body\">\r\n        <p><span>\u0130htiyaca g\u00f6re ayl\u0131k veya y\u0131ll\u0131k s\u00f6zle\u015fme ile ara\u00e7 temini, bak\u0131m ve yedek ara\u00e7 deste\u011fi sa\u011flan\u0131r. Maliyet ve hizmet i\u00e7eri\u011fi s\u00f6zle\u015fmede netle\u015fir.<\/span><\/p>      <\/div>\r\n    <\/div>\r\n  <\/div>\r\n\r\n  <div class=\"card \">\r\n    <div class=\"card-header p-0\" id=\"heading742\">\r\n      <h5 class=\"title collapsed\" data-bs-toggle=\"collapse\" data-bs-target=\"#collapse742\" aria-expanded=\"false\" aria-controls=\"collapse742\">\r\n        <span class=\"text\">S\u00fcr\u00fcc\u00fcl\u00fc hizmet mi sunuyorsunuz?<\/span>\r\n        <span class=\"accordion-controls-icon\"><svg class=\"e-font-icon-svg e-fas-chevron-down\" viewBox=\"0 0 448 512\" xmlns=\"http:\/\/www.w3.org\/2000\/svg\"><path d=\"M207.029 381.476L12.686 187.132c-9.373-9.373-9.373-24.569 0-33.941l22.667-22.667c9.357-9.357 24.522-9.375 33.901-.04L224 284.505l154.745-154.021c9.379-9.335 24.544-9.317 33.901.04l22.667 22.667c9.373 9.373 9.373 24.569 0 33.941L240.971 381.476c-9.373 9.372-24.569 9.372-33.942 0z\"><\/path><\/svg><\/span>\r\n      <\/h5>\r\n    <\/div>\r\n    <div id=\"collapse742\" class=\"collapse \" aria-labelledby=\"heading742\" data-bs-parent=\"#accordion-holder-762591\">\r\n      <div class=\"card-body\">\r\n        <p><span>Evet; \u015fof\u00f6rl\u00fc ve \u015fof\u00f6rs\u00fcz kiralama se\u00e7eneklerimiz mevcut. Kurumsal m\u00fc\u015fteriler genellikle \u015fof\u00f6rl\u00fc hizmet tercih eder.<\/span><\/p>      <\/div>\r\n    <\/div>\r\n  <\/div>\r\n\r\n  <div class=\"card \">\r\n    <div class=\"card-header p-0\" id=\"heading743\">\r\n      <h5 class=\"title collapsed\" data-bs-toggle=\"collapse\" data-bs-target=\"#collapse743\" aria-expanded=\"false\" aria-controls=\"collapse743\">\r\n        <span class=\"text\">Acil talepler i\u00e7in nas\u0131l ileti\u015fim kurabilirim?<\/span>\r\n        <span class=\"accordion-controls-icon\"><svg class=\"e-font-icon-svg e-fas-chevron-down\" viewBox=\"0 0 448 512\" xmlns=\"http:\/\/www.w3.org\/2000\/svg\"><path d=\"M207.029 381.476L12.686 187.132c-9.373-9.373-9.373-24.569 0-33.941l22.667-22.667c9.357-9.357 24.522-9.375 33.901-.04L224 284.505l154.745-154.021c9.379-9.335 24.544-9.317 33.901.04l22.667 22.667c9.373 9.373 9.373 24.569 0 33.941L240.971 381.476c-9.373 9.372-24.569 9.372-33.942 0z\"><\/path><\/svg><\/span>\r\n      <\/h5>\r\n    <\/div>\r\n    <div id=\"collapse743\" class=\"collapse \" aria-labelledby=\"heading743\" data-bs-parent=\"#accordion-holder-762591\">\r\n      <div class=\"card-body\">\r\n        <p><span>\u00a07\/24 telefon ve WhatsApp hatt\u0131m\u0131zdan (<\/span>90 552 291 33 33<span>) bize ula\u015fabilirsiniz; acil taleplerde h\u0131zl\u0131 koordinasyon sa\u011flan\u0131r.<\/span><\/p>      <\/div>\r\n    <\/div>\r\n  <\/div>\r\n\r\n  <div class=\"card \">\r\n    <div class=\"card-header p-0\" id=\"heading744\">\r\n      <h5 class=\"title collapsed\" data-bs-toggle=\"collapse\" data-bs-target=\"#collapse744\" aria-expanded=\"false\" aria-controls=\"collapse744\">\r\n        <span class=\"text\">Neden Y\u0131ld\u0131z Turizm ile Filo Kiralay\u0131n?<\/span>\r\n        <span class=\"accordion-controls-icon\"><svg class=\"e-font-icon-svg e-fas-chevron-down\" viewBox=\"0 0 448 512\" xmlns=\"http:\/\/www.w3.org\/2000\/svg\"><path d=\"M207.029 381.476L12.686 187.132c-9.373-9.373-9.373-24.569 0-33.941l22.667-22.667c9.357-9.357 24.522-9.375 33.901-.04L224 284.505l154.745-154.021c9.379-9.335 24.544-9.317 33.901.04l22.667 22.667c9.373 9.373 9.373 24.569 0 33.941L240.971 381.476c-9.373 9.372-24.569 9.372-33.942 0z\"><\/path><\/svg><\/span>\r\n      <\/h5>\r\n    <\/div>\r\n    <div id=\"collapse744\" class=\"collapse \" aria-labelledby=\"heading744\" data-bs-parent=\"#accordion-holder-762591\">\r\n      <div class=\"card-body\">\r\n        <p><span>\u00c7\u00fcnk\u00fc kurumsal yakla\u015f\u0131m, g\u00fcvenilirlik ve deneyim bir arada sunulur. Her organizasyona \u00f6zel planlama yap\u0131yor, operasyonun her a\u015famas\u0131nda ileti\u015fim halinde kal\u0131yor ve hizmet kalitesini \u00f6l\u00e7\u00fcml\u00fcyoruz. M\u00fc\u015fteri memnuniyetini s\u00fcrekli takip ediyor ve geri bildirimlere g\u00f6re hizmeti iyile\u015ftiriyoruz.<\/span><\/p>      <\/div>\r\n    <\/div>\r\n  <\/div>\r\n\t\t<\/div>\r\n\t\t\t\t\t<\/div>\n\t\t\t\t<\/div>\n\t\t\t\t<\/div>\n\t\t\t\t\t<\/div>\n\t\t\t\t<\/div>\n\t\t\t\t<\/div>\n\t\t","protected":false},"excerpt":{"rendered":"<p>T\u00fcm Hizmetlerimiz Personel Servisi \u00d6\u011frenci Servisi VIP SERV\u0130S Tur Ve Organizasyon Hizmetleri Filo Kiralama Herhangi bir sorunuz varsa l\u00fctfen ileti\u015fime&#8230;<\/p>\n","protected":false},"author":1,"featured_media":0,"parent":0,"menu_order":0,"comment_status":"closed","ping_status":"closed","template":"","meta":{"_monsterinsights_skip_tracking":false,"_monsterinsights_sitenote_active":false,"_monsterinsights_sitenote_note":"","_monsterinsights_sitenote_category":0,"footnotes":""},"class_list":["post-9785","page","type-page","status-publish","hentry"],"aioseo_notices":[],"_links":{"self":[{"href":"https:\/\/www.yildizturizm.com.tr\/index.php\/wp-json\/wp\/v2\/pages\/9785","targetHints":{"allow":["GET"]}}],"collection":[{"href":"https:\/\/www.yildizturizm.com.tr\/index.php\/wp-json\/wp\/v2\/pages"}],"about":[{"href":"https:\/\/www.yildizturizm.com.tr\/index.php\/wp-json\/wp\/v2\/types\/page"}],"author":[{"embeddable":true,"href":"https:\/\/www.yildizturizm.com.tr\/index.php\/wp-json\/wp\/v2\/users\/1"}],"replies":[{"embeddable":true,"href":"https:\/\/www.yildizturizm.com.tr\/index.php\/wp-json\/wp\/v2\/comments?post=9785"}],"version-history":[{"count":33,"href":"https:\/\/www.yildizturizm.com.tr\/index.php\/wp-json\/wp\/v2\/pages\/9785\/revisions"}],"predecessor-version":[{"id":10327,"href":"https:\/\/www.yildizturizm.com.tr\/index.php\/wp-json\/wp\/v2\/pages\/9785\/revisions\/10327"}],"wp:attachment":[{"href":"https:\/\/www.yildizturizm.com.tr\/index.php\/wp-json\/wp\/v2\/media?parent=9785"}],"curies":[{"name":"wp","href":"https:\/\/api.w.org\/{rel}","templated":true}]}}