{"id":9781,"date":"2025-12-10T17:02:15","date_gmt":"2025-12-10T14:02:15","guid":{"rendered":"https:\/\/www.yildizturizm.com.tr\/?page_id=9781"},"modified":"2025-12-31T08:59:13","modified_gmt":"2025-12-31T05:59:13","slug":"ogrenci-servisi","status":"publish","type":"page","link":"https:\/\/www.yildizturizm.com.tr\/index.php\/ogrenci-servisi\/","title":{"rendered":"\u00d6\u011frenci Servisi"},"content":{"rendered":"\t\t<div data-elementor-type=\"wp-page\" data-elementor-id=\"9781\" class=\"elementor elementor-9781\">\n\t\t\t\t<div class=\"elementor-element elementor-element-4745127 e-flex e-con-boxed tm-col-stretched-none tm-bg-color-over-image e-con e-parent\" data-id=\"4745127\" data-element_type=\"container\" data-e-type=\"container\">\n\t\t\t\t\t<div class=\"e-con-inner\">\n\t\t<div class=\"elementor-element elementor-element-023e4d9 e-con-full e-flex tm-col-stretched-none tm-bg-color-over-image e-con e-child\" data-id=\"023e4d9\" data-element_type=\"container\" data-e-type=\"container\">\n\t\t<div class=\"elementor-element elementor-element-3d4972f e-con-full e-flex tm-col-stretched-none tm-bg-color-over-image e-con e-child\" data-id=\"3d4972f\" data-element_type=\"container\" data-e-type=\"container\" data-settings=\"{&quot;background_background&quot;:&quot;classic&quot;}\">\n\t\t<div class=\"elementor-element elementor-element-a9173b2 e-con-full e-flex tm-col-stretched-none tm-bg-color-over-image e-con e-child\" data-id=\"a9173b2\" data-element_type=\"container\" data-e-type=\"container\">\n\t\t\t\t<div class=\"elementor-element elementor-element-dc91469 elementor-widget elementor-widget-tm-ele-text-editor\" data-id=\"dc91469\" data-element_type=\"widget\" data-e-type=\"widget\" data-widget_type=\"tm-ele-text-editor.default\">\n\t\t\t\t<div class=\"elementor-widget-container\">\n\t\t\t\t\t\t\t<div class=\"tm-text-editor\" >\r\n\t\t<h4>T\u00fcm Hizmetlerimiz<\/h4>\t\t<\/div>\r\n\t\t\t\t\t<\/div>\n\t\t\t\t<\/div>\n\t\t\t\t<div class=\"elementor-element elementor-element-cca2a37 elementor-widget elementor-widget-tm-ele-navigation-menu\" data-id=\"cca2a37\" data-element_type=\"widget\" data-e-type=\"widget\" data-widget_type=\"tm-ele-navigation-menu.default\">\n\t\t\t\t<div class=\"elementor-widget-container\">\n\t\t\t\t\t<div class=\"tm-sc-simple-nav-menu\"><ul id=\"menu-services-menu\" class=\"\"><li id=\"menu-item-9792\" class=\"menu-item menu-item-type-post_type menu-item-object-page menu-item-9792\"><a href=\"https:\/\/www.yildizturizm.com.tr\/index.php\/personel-servisi\/\"><i class=\"tm-nav-arrow-icon  flaticon-common-plus\"><\/i>Personel Servisi<\/a><\/li>\n<li id=\"menu-item-9791\" class=\"menu-item menu-item-type-post_type menu-item-object-page menu-item-9791\"><a href=\"https:\/\/www.yildizturizm.com.tr\/index.php\/ogrenci-servisi\/\"><i class=\"tm-nav-arrow-icon  flaticon-common-plus\"><\/i>\u00d6\u011frenci Servisi<\/a><\/li>\n<li id=\"menu-item-9794\" class=\"menu-item menu-item-type-post_type menu-item-object-page menu-item-9794\"><a href=\"https:\/\/www.yildizturizm.com.tr\/index.php\/vip-servisi\/\"><i class=\"tm-nav-arrow-icon  flaticon-common-plus\"><\/i>VIP SERV\u0130S<\/a><\/li>\n<li id=\"menu-item-9793\" class=\"menu-item menu-item-type-post_type menu-item-object-page menu-item-9793\"><a href=\"https:\/\/www.yildizturizm.com.tr\/index.php\/tur-ve-organizasyon\/\"><i class=\"tm-nav-arrow-icon  flaticon-common-plus\"><\/i>Tur Ve Organizasyon Hizmetleri<\/a><\/li>\n<li id=\"menu-item-9790\" class=\"menu-item menu-item-type-post_type menu-item-object-page menu-item-9790\"><a href=\"https:\/\/www.yildizturizm.com.tr\/index.php\/filo-kiralama\/\"><i class=\"tm-nav-arrow-icon  flaticon-common-plus\"><\/i>Filo Kiralama<\/a><\/li>\n<\/ul><\/div>\t\t\t\t<\/div>\n\t\t\t\t<\/div>\n\t\t\t\t<\/div>\n\t\t\t\t<\/div>\n\t\t<div class=\"elementor-element elementor-element-5b052a9 e-con-full e-flex tm-col-stretched-none tm-bg-color-over-image e-con e-child\" data-id=\"5b052a9\" data-element_type=\"container\" data-e-type=\"container\">\n\t\t<div class=\"elementor-element elementor-element-bcfa8c5 e-con-full e-flex tm-col-stretched-none tm-bg-color-over-image e-con e-child\" data-id=\"bcfa8c5\" data-element_type=\"container\" data-e-type=\"container\" data-settings=\"{&quot;background_background&quot;:&quot;classic&quot;}\">\n\t\t\t\t<div class=\"elementor-element elementor-element-3e9fc9b elementor-widget elementor-widget-tm-ele-iconbox\" data-id=\"3e9fc9b\" data-element_type=\"widget\" data-e-type=\"widget\" data-widget_type=\"tm-ele-iconbox.default\">\n\t\t\t\t<div class=\"elementor-widget-container\">\n\t\t\t\t\t<div class=\"tm-sc-icon-box icon-box icon-top font-icon responsive-tablet responsive-mobile icon-top animate-hover icon-rotate-y\">\r\n\t\r\n  \t<div class=\"icon-box-wrapper\">\r\n\t\t\r\n\t\t<div class=\"icon-wrapper\">\r\n\t\t<div class=\"icon icon-circled icon-type-font-icon icon-md\">\r\n\t\t\t<i aria-hidden=\"true\" class=\" flaticon-common-call\"><\/i>\t\t<\/div>\r\n\r\n\t\t\t<\/div>\r\n\t\t\t<div class=\"icon-text\">\r\n\t\t\t\t\t\t\r\n\t\t\t\t<h4 class=\"icon-box-title \">\r\n\t\t\t\t\t\t\tHerhangi bir sorunuz varsa l\u00fctfen ileti\u015fime ge\u00e7mekten \u00e7ekinmeyin\t\t\t\t\t<\/h4>\r\n\t\t\t\t\t\t\t\t\r\n\t\t\t\r\n\t\r\n\t\t\t\t\t\t<div class=\"btn-view-details \">\r\n    <a  \r\n            href=\"\/index.php\/iletisim\/\"\r\n      class=\"btn btn-theme-colored1 mt-2\">\r\n      \u0130leti\u015fim    <\/a>\r\n<\/div>\t\t\t\t\t<\/div>\r\n\t\t<div class=\"clearfix\"><\/div>\r\n\t<\/div>\r\n<\/div>\t\t\t\t<\/div>\n\t\t\t\t<\/div>\n\t\t\t\t<\/div>\n\t\t\t\t<\/div>\n\t\t\t\t<\/div>\n\t\t<div class=\"elementor-element elementor-element-1a9c273 e-con-full e-flex tm-col-stretched-none tm-bg-color-over-image e-con e-child\" data-id=\"1a9c273\" data-element_type=\"container\" data-e-type=\"container\">\n\t\t\t\t<div class=\"elementor-element elementor-element-2dcab80 elementor-widget elementor-widget-image\" data-id=\"2dcab80\" data-element_type=\"widget\" data-e-type=\"widget\" data-widget_type=\"image.default\">\n\t\t\t\t\t\t\t\t\t\t\t\t\t\t\t<img decoding=\"async\" src=\"https:\/\/www.yildizturizm.com.tr\/wp-content\/uploads\/2025\/12\/yildiz-turizm-ogrenci-servisi-6.jpeg\" title=\"yildiz-turizm-ogrenci-servisi-6\" alt=\"yildiz-turizm-ogrenci-servisi\" loading=\"lazy\" \/>\t\t\t\t\t\t\t\t\t\t\t\t\t\t\t<\/div>\n\t\t\t\t<div class=\"elementor-element elementor-element-93579f4 elementor-widget elementor-widget-tm-ele-text-editor\" data-id=\"93579f4\" data-element_type=\"widget\" data-e-type=\"widget\" data-widget_type=\"tm-ele-text-editor.default\">\n\t\t\t\t<div class=\"elementor-widget-container\">\n\t\t\t\t\t\t\t<div class=\"tm-text-editor\" >\r\n\t\t<h2 class=\"page-title\">Konforlu ve Zaman\u0131nda Okul Ula\u015f\u0131m\u0131<\/h2>\t\t<\/div>\r\n\t\t\t\t\t<\/div>\n\t\t\t\t<\/div>\n\t\t\t\t<div class=\"elementor-element elementor-element-a08eb23 elementor-widget elementor-widget-tm-ele-text-editor\" data-id=\"a08eb23\" data-element_type=\"widget\" data-e-type=\"widget\" data-widget_type=\"tm-ele-text-editor.default\">\n\t\t\t\t<div class=\"elementor-widget-container\">\n\t\t\t\t\t\t\t<div class=\"tm-text-editor\" >\r\n\t\t<p><span>Mersin \u00f6\u011frenci servis hizmeti, \u00f6\u011frencilerin g\u00fcvenli, konforlu ve her g\u00fcn d\u00fczenli bir \u015fekilde okullar\u0131na ula\u015fmalar\u0131n\u0131 sa\u011flamak amac\u0131yla kurumsal bir bak\u0131\u015f a\u00e7\u0131s\u0131 ile planlan\u0131r. Y\u0131ld\u0131z Turizm olarak, ailelerin en de\u011ferli varl\u0131klar\u0131 olan \u00e7ocuklar\u0131n\u0131 emanet ald\u0131\u011f\u0131m\u0131z\u0131n bilinciyle hareket ediyor, t\u00fcm s\u00fcre\u00e7lerimizi y\u00fcksek g\u00fcvenlik ve kalite standartlar\u0131na uygun \u015fekilde y\u00f6netiyoruz. \u00d6\u011frencilerin sabah evden \u00e7\u0131k\u0131\u015f\u0131ndan okul giri\u015fine kadar olan her a\u015fama dikkatle takip edilir, d\u00f6n\u00fc\u015f yolculuklar\u0131 ise ayn\u0131 \u00f6zen ve profesyonellikle ger\u00e7ekle\u015ftirilir.<\/span><\/p>\t\t<\/div>\r\n\t\t\t\t\t<\/div>\n\t\t\t\t<\/div>\n\t\t\t\t<div class=\"elementor-element elementor-element-b8081f1 elementor-widget elementor-widget-tm-ele-iconbox\" data-id=\"b8081f1\" data-element_type=\"widget\" data-e-type=\"widget\" data-widget_type=\"tm-ele-iconbox.default\">\n\t\t\t\t<div class=\"elementor-widget-container\">\n\t\t\t\t\t<div class=\"tm-sc-icon-box icon-box icon-top no-icon icon-top animate-hover icon-rotate-y\">\r\n\t\r\n  \t<div class=\"icon-box-wrapper\">\r\n\t\t\r\n\t\t\t<div class=\"icon-text\">\r\n\t\t\t\t\t\t\r\n\t\t\t\t<p class=\"icon-box-title \">\r\n\t\t\t\t\t\t\tY\u0131ld\u0131z Turizm, Mersin\u2019de \u00f6\u011frenci servis hizmeti konusunda \u00f6ne \u00e7\u0131kan kurumsal firmalardan biridir. \u00d6\u011frencilerinizi g\u00fcvenle bize emanet edebilir, her g\u00fcn d\u00fczenli, g\u00fcvenli ve konforlu bir ula\u015f\u0131m hizmeti alabilirsiniz.\t\t\t\t\t<\/p>\r\n\t\t\t\t\t\t\t\t\r\n\t\t\t\r\n\t\r\n\t\t\t\t\t<\/div>\r\n\t\t<div class=\"clearfix\"><\/div>\r\n\t<\/div>\r\n<\/div>\t\t\t\t<\/div>\n\t\t\t\t<\/div>\n\t\t\t\t<div class=\"elementor-element elementor-element-493352a elementor-widget elementor-widget-tm-ele-text-editor\" data-id=\"493352a\" data-element_type=\"widget\" data-e-type=\"widget\" data-widget_type=\"tm-ele-text-editor.default\">\n\t\t\t\t<div class=\"elementor-widget-container\">\n\t\t\t\t\t\t\t<div class=\"tm-text-editor\" >\r\n\t\t<p><span>Kurumsal anlay\u0131\u015f\u0131m\u0131z gere\u011fi t\u00fcm operasyonlar\u0131m\u0131zda \u015feffafl\u0131k, planl\u0131 \u00e7al\u0131\u015fma ve d\u00fczenli ileti\u015fim \u00f6n plandad\u0131r. Veliler, okul y\u00f6netimleri ve servis personeli aras\u0131nda kurdu\u011fumuz koordinasyon ile \u00f6\u011frencilerin ula\u015f\u0131m s\u00fcrecini sorunsuz hale getiriyoruz. Bu nedenle Mersin\u2019de \u00f6\u011frenci servis hizmeti arayan aileler ve kurumlar taraf\u0131ndan g\u00fcvenle tercih edilen bir marka olarak faaliyet g\u00f6stermeye devam ediyoruz.<\/span><\/p>\t\t<\/div>\r\n\t\t\t\t\t<\/div>\n\t\t\t\t<\/div>\n\t\t<div class=\"elementor-element elementor-element-043c09e e-con-full e-flex tm-col-stretched-none tm-bg-color-over-image e-con e-child\" data-id=\"043c09e\" data-element_type=\"container\" data-e-type=\"container\">\n\t\t<div class=\"elementor-element elementor-element-549c403 e-con-full e-flex tm-col-stretched-none tm-bg-color-over-image e-con e-child\" data-id=\"549c403\" data-element_type=\"container\" data-e-type=\"container\">\n\t\t<div class=\"elementor-element elementor-element-21e1200 e-con-full e-flex tm-col-stretched-none tm-bg-color-over-image e-con e-child\" data-id=\"21e1200\" data-element_type=\"container\" data-e-type=\"container\">\n\t\t\t\t<div class=\"elementor-element elementor-element-9266511 elementor-widget elementor-widget-image\" data-id=\"9266511\" data-element_type=\"widget\" data-e-type=\"widget\" data-widget_type=\"image.default\">\n\t\t\t\t\t\t\t\t\t\t\t\t\t\t\t<img fetchpriority=\"high\" decoding=\"async\" width=\"1024\" height=\"453\" src=\"https:\/\/www.yildizturizm.com.tr\/wp-content\/uploads\/2025\/12\/videoframe_6421-1024x453.png\" class=\"attachment-large size-large wp-image-9840\" alt=\"videoframe_6421\" srcset=\"https:\/\/www.yildizturizm.com.tr\/wp-content\/uploads\/2025\/12\/videoframe_6421-1024x453.png 1024w, https:\/\/www.yildizturizm.com.tr\/wp-content\/uploads\/2025\/12\/videoframe_6421-300x133.png 300w, https:\/\/www.yildizturizm.com.tr\/wp-content\/uploads\/2025\/12\/videoframe_6421-768x340.png 768w, https:\/\/www.yildizturizm.com.tr\/wp-content\/uploads\/2025\/12\/videoframe_6421-1536x680.png 1536w, https:\/\/www.yildizturizm.com.tr\/wp-content\/uploads\/2025\/12\/videoframe_6421-600x266.png 600w, https:\/\/www.yildizturizm.com.tr\/wp-content\/uploads\/2025\/12\/videoframe_6421.png 1920w\" sizes=\"(max-width: 1024px) 100vw, 1024px\" \/>\t\t\t\t\t\t\t\t\t\t\t\t\t\t\t<\/div>\n\t\t\t\t<\/div>\n\t\t<div class=\"elementor-element elementor-element-2a71892 e-con-full tm-col-stretched-none e-flex tm-bg-color-over-image e-con e-child\" data-id=\"2a71892\" data-element_type=\"container\" data-e-type=\"container\">\n\t\t\t\t<div class=\"elementor-element elementor-element-dd6ff4d elementor-widget elementor-widget-image\" data-id=\"dd6ff4d\" data-element_type=\"widget\" data-e-type=\"widget\" data-widget_type=\"image.default\">\n\t\t\t\t\t\t\t\t\t\t\t\t\t\t\t<img decoding=\"async\" width=\"1024\" height=\"503\" src=\"https:\/\/www.yildizturizm.com.tr\/wp-content\/uploads\/2025\/12\/ogrenci-1024x503.webp\" class=\"attachment-large size-large wp-image-9588\" alt=\"\u00f6\u011frenci servisleri\" srcset=\"https:\/\/www.yildizturizm.com.tr\/wp-content\/uploads\/2025\/12\/ogrenci-1024x503.webp 1024w, https:\/\/www.yildizturizm.com.tr\/wp-content\/uploads\/2025\/12\/ogrenci-300x147.webp 300w, https:\/\/www.yildizturizm.com.tr\/wp-content\/uploads\/2025\/12\/ogrenci-768x378.webp 768w, https:\/\/www.yildizturizm.com.tr\/wp-content\/uploads\/2025\/12\/ogrenci-600x295.webp 600w, https:\/\/www.yildizturizm.com.tr\/wp-content\/uploads\/2025\/12\/ogrenci.webp 1491w\" sizes=\"(max-width: 1024px) 100vw, 1024px\" \/>\t\t\t\t\t\t\t\t\t\t\t\t\t\t\t<\/div>\n\t\t\t\t<\/div>\n\t\t\t\t<\/div>\n\t\t<div class=\"elementor-element elementor-element-ae2068e e-con-full e-flex tm-col-stretched-none tm-bg-color-over-image e-con e-child\" data-id=\"ae2068e\" data-element_type=\"container\" data-e-type=\"container\">\n\t\t\t\t<div class=\"elementor-element elementor-element-85e2d54 elementor-widget elementor-widget-tm-ele-text-editor\" data-id=\"85e2d54\" data-element_type=\"widget\" data-e-type=\"widget\" data-widget_type=\"tm-ele-text-editor.default\">\n\t\t\t\t<div class=\"elementor-widget-container\">\n\t\t\t\t\t\t\t<div class=\"tm-text-editor\" >\r\n\t\t<h3><span dir=\"auto\">Avantajlar\u0131m\u0131z<\/span><\/h3>\t\t<\/div>\r\n\t\t\t\t\t<\/div>\n\t\t\t\t<\/div>\n\t\t\t\t<div class=\"elementor-element elementor-element-01ff825 elementor-widget elementor-widget-text-editor\" data-id=\"01ff825\" data-element_type=\"widget\" data-e-type=\"widget\" data-widget_type=\"text-editor.default\">\n\t\t\t\t\t\t\t\t\t<p>Bir\u00e7ok avantajdan sadece ikisi&#8230;<\/p>\t\t\t\t\t\t\t\t<\/div>\n\t\t\t\t<div class=\"elementor-element elementor-element-01c2290 elementor-widget elementor-widget-tm-ele-iconbox\" data-id=\"01c2290\" data-element_type=\"widget\" data-e-type=\"widget\" data-widget_type=\"tm-ele-iconbox.default\">\n\t\t\t\t<div class=\"elementor-widget-container\">\n\t\t\t\t\t<div class=\"tm-sc-icon-box icon-box icon-left font-icon icon-left animate-hover icon-rotate-y\">\r\n\t\r\n  \t<div class=\"icon-box-wrapper\">\r\n\t\t\r\n\t\t<div class=\"icon-wrapper\">\r\n\t\t<div class=\"icon icon-circled icon-type-font-icon icon-md\">\r\n\t\t\t<svg aria-hidden=\"true\" class=\"e-font-icon-svg e-fas-hand-holding-heart\" viewBox=\"0 0 576 512\" xmlns=\"http:\/\/www.w3.org\/2000\/svg\"><path d=\"M275.3 250.5c7 7.4 18.4 7.4 25.5 0l108.9-114.2c31.6-33.2 29.8-88.2-5.6-118.8-30.8-26.7-76.7-21.9-104.9 7.7L288 36.9l-11.1-11.6C248.7-4.4 202.8-9.2 172 17.5c-35.3 30.6-37.2 85.6-5.6 118.8l108.9 114.2zm290 77.6c-11.8-10.7-30.2-10-42.6 0L430.3 402c-11.3 9.1-25.4 14-40 14H272c-8.8 0-16-7.2-16-16s7.2-16 16-16h78.3c15.9 0 30.7-10.9 33.3-26.6 3.3-20-12.1-37.4-31.6-37.4H192c-27 0-53.1 9.3-74.1 26.3L71.4 384H16c-8.8 0-16 7.2-16 16v96c0 8.8 7.2 16 16 16h356.8c14.5 0 28.6-4.9 40-14L564 377c15.2-12.1 16.4-35.3 1.3-48.9z\"><\/path><\/svg>\t\t<\/div>\r\n\r\n\t\t\t<\/div>\r\n\t\t\t<div class=\"icon-text\">\r\n\t\t\t\t\t\t\r\n\t\t\t\t<h5 class=\"icon-box-title \">\r\n\t\t\t\t\t\t\tVelilere Y\u00f6nelik Bilgilendirme\t\t\t\t\t<\/h5>\r\n\t\t\t\t\t<div class=\"content\"><p><span>Velilerin i\u00e7inin her zaman rahat olmas\u0131 bizim i\u00e7in \u00f6nemlidir. Bunun i\u00e7in kurumsal ileti\u015fim sistemimiz aktif \u015fekilde \u00e7al\u0131\u015f\u0131r<\/span>.<\/p><\/div>\r\n\t\t\t\r\n\t\t\t\r\n\t\r\n\t\t\t\t\t<\/div>\r\n\t\t<div class=\"clearfix\"><\/div>\r\n\t<\/div>\r\n<\/div>\t\t\t\t<\/div>\n\t\t\t\t<\/div>\n\t\t\t\t<div class=\"elementor-element elementor-element-089e281 elementor-widget elementor-widget-tm-ele-iconbox\" data-id=\"089e281\" data-element_type=\"widget\" data-e-type=\"widget\" data-widget_type=\"tm-ele-iconbox.default\">\n\t\t\t\t<div class=\"elementor-widget-container\">\n\t\t\t\t\t<div class=\"tm-sc-icon-box icon-box icon-left font-icon icon-left animate-hover icon-rotate-y\">\r\n\t\r\n  \t<div class=\"icon-box-wrapper\">\r\n\t\t\r\n\t\t<div class=\"icon-wrapper\">\r\n\t\t<div class=\"icon icon-default icon-type-font-icon icon-md\">\r\n\t\t\t<svg aria-hidden=\"true\" class=\"e-font-icon-svg e-fas-bus\" viewBox=\"0 0 512 512\" xmlns=\"http:\/\/www.w3.org\/2000\/svg\"><path d=\"M488 128h-8V80c0-44.8-99.2-80-224-80S32 35.2 32 80v48h-8c-13.25 0-24 10.74-24 24v80c0 13.25 10.75 24 24 24h8v160c0 17.67 14.33 32 32 32v32c0 17.67 14.33 32 32 32h32c17.67 0 32-14.33 32-32v-32h192v32c0 17.67 14.33 32 32 32h32c17.67 0 32-14.33 32-32v-32h6.4c16 0 25.6-12.8 25.6-25.6V256h8c13.25 0 24-10.75 24-24v-80c0-13.26-10.75-24-24-24zM112 400c-17.67 0-32-14.33-32-32s14.33-32 32-32 32 14.33 32 32-14.33 32-32 32zm16-112c-17.67 0-32-14.33-32-32V128c0-17.67 14.33-32 32-32h256c17.67 0 32 14.33 32 32v128c0 17.67-14.33 32-32 32H128zm272 112c-17.67 0-32-14.33-32-32s14.33-32 32-32 32 14.33 32 32-14.33 32-32 32z\"><\/path><\/svg>\t\t<\/div>\r\n\r\n\t\t\t<\/div>\r\n\t\t\t<div class=\"icon-text\">\r\n\t\t\t\t\t\t\r\n\t\t\t\t<h5 class=\"icon-box-title \">\r\n\t\t\t\t\t\t\tKonforlu Yolculuk\t\t\t\t\t<\/h5>\r\n\t\t\t\t\t<div class=\"content\"><p><span>Mersin \u00f6\u011frenci servis ara\u00e7lar\u0131m\u0131zda \u00f6\u011frencilerin konforunu art\u0131rmaya y\u00f6nelik pek \u00e7ok \u00f6zellik bulunmaktad\u0131r.<\/span><\/p><\/div>\r\n\t\t\t\r\n\t\t\t\r\n\t\r\n\t\t\t\t\t<\/div>\r\n\t\t<div class=\"clearfix\"><\/div>\r\n\t<\/div>\r\n<\/div>\t\t\t\t<\/div>\n\t\t\t\t<\/div>\n\t\t\t\t<\/div>\n\t\t\t\t<\/div>\n\t\t\t\t<div class=\"elementor-element elementor-element-296c8b3 elementor-widget elementor-widget-tm-ele-accordion\" data-id=\"296c8b3\" data-element_type=\"widget\" data-e-type=\"widget\" data-widget_type=\"tm-ele-accordion.skin-classic\">\n\t\t\t\t<div class=\"elementor-widget-container\">\n\t\t\t\t\t\t\t<div id=\"accordion-holder-637250\" class=\"tm-accordion skin-classic\">\r\n\t\r\n  <div class=\"card active\">\r\n    <div class=\"card-header p-0\" id=\"heading981\">\r\n      <h5 class=\"title \" data-bs-toggle=\"collapse\" data-bs-target=\"#collapse981\" aria-expanded=\"true\" aria-controls=\"collapse981\">\r\n        <span class=\"text\">G\u00fcvenlik Standartlar\u0131m\u0131z<\/span>\r\n        <span class=\"accordion-controls-icon\"><svg class=\"e-font-icon-svg e-fas-chevron-down\" viewBox=\"0 0 448 512\" xmlns=\"http:\/\/www.w3.org\/2000\/svg\"><path d=\"M207.029 381.476L12.686 187.132c-9.373-9.373-9.373-24.569 0-33.941l22.667-22.667c9.357-9.357 24.522-9.375 33.901-.04L224 284.505l154.745-154.021c9.379-9.335 24.544-9.317 33.901.04l22.667 22.667c9.373 9.373 9.373 24.569 0 33.941L240.971 381.476c-9.373 9.372-24.569 9.372-33.942 0z\"><\/path><\/svg><\/span>\r\n      <\/h5>\r\n    <\/div>\r\n    <div id=\"collapse981\" class=\"collapse show\" aria-labelledby=\"heading981\" data-bs-parent=\"#accordion-holder-637250\">\r\n      <div class=\"card-body\">\r\n        <p><span>\u00d6\u011frenci ta\u015f\u0131mac\u0131l\u0131\u011f\u0131nda g\u00fcvenlik en kritik konudur. T\u00fcm ara\u00e7lar\u0131m\u0131z yasal y\u00f6netmeliklere uygun olup belirli periyotlarla teknik bak\u0131mdan ge\u00e7irilir. Emniyet kemeri sistemleri, koltuk sens\u00f6rleri, acil durum ekipmanlar\u0131 ve i\u00e7-d\u0131\u015f kamera kay\u0131t teknolojileri gibi g\u00fcvenlik donan\u0131mlar\u0131 ile donat\u0131lm\u0131\u015ft\u0131r. Kurumsal kalite yakla\u015f\u0131m\u0131m\u0131z, g\u00fcvenli\u011fi sadece ara\u00e7 bak\u0131m\u0131yla s\u0131n\u0131rlamaz; s\u00fcr\u00fcc\u00fc se\u00e7imlerinden g\u00fczerg\u00e2h planlamalar\u0131na kadar t\u00fcm detaylarda kendini g\u00f6sterir.<\/span><\/p>      <\/div>\r\n    <\/div>\r\n  <\/div>\r\n\r\n  <div class=\"card \">\r\n    <div class=\"card-header p-0\" id=\"heading982\">\r\n      <h5 class=\"title collapsed\" data-bs-toggle=\"collapse\" data-bs-target=\"#collapse982\" aria-expanded=\"false\" aria-controls=\"collapse982\">\r\n        <span class=\"text\">Zaman\u0131nda Hizmet Garantisi<\/span>\r\n        <span class=\"accordion-controls-icon\"><svg class=\"e-font-icon-svg e-fas-chevron-down\" viewBox=\"0 0 448 512\" xmlns=\"http:\/\/www.w3.org\/2000\/svg\"><path d=\"M207.029 381.476L12.686 187.132c-9.373-9.373-9.373-24.569 0-33.941l22.667-22.667c9.357-9.357 24.522-9.375 33.901-.04L224 284.505l154.745-154.021c9.379-9.335 24.544-9.317 33.901.04l22.667 22.667c9.373 9.373 9.373 24.569 0 33.941L240.971 381.476c-9.373 9.372-24.569 9.372-33.942 0z\"><\/path><\/svg><\/span>\r\n      <\/h5>\r\n    <\/div>\r\n    <div id=\"collapse982\" class=\"collapse \" aria-labelledby=\"heading982\" data-bs-parent=\"#accordion-holder-637250\">\r\n      <div class=\"card-body\">\r\n        <p><span>Zamanlama, \u00f6\u011frenci ta\u015f\u0131mac\u0131l\u0131\u011f\u0131 sekt\u00f6r\u00fcnde en \u00f6nemli unsurlardan biridir. Mersin\u2019in trafik yo\u011funlu\u011fu, g\u00fczerg\u00e2h s\u00fcreleri ve okul giri\u015f-\u00e7\u0131k\u0131\u015f saatleri analiz edilerek olu\u015fturdu\u011fumuz kurumsal planlama sistemi sayesinde yolculuk s\u00fcreleri en iyi \u015fekilde optimize edilir. \u00d6\u011frencilerin okula ge\u00e7 kalmamas\u0131 ve ders d\u00fczeninin bozulmamas\u0131 i\u00e7in t\u00fcm servis planlamalar\u0131 profesyonel bir ekip taraf\u0131ndan takip edilir.<\/span><\/p>      <\/div>\r\n    <\/div>\r\n  <\/div>\r\n\r\n  <div class=\"card \">\r\n    <div class=\"card-header p-0\" id=\"heading983\">\r\n      <h5 class=\"title collapsed\" data-bs-toggle=\"collapse\" data-bs-target=\"#collapse983\" aria-expanded=\"false\" aria-controls=\"collapse983\">\r\n        <span class=\"text\">Kurumsal \u00d6\u011frenci Ta\u015f\u0131mac\u0131l\u0131\u011f\u0131 Yakla\u015f\u0131m\u0131m\u0131z<\/span>\r\n        <span class=\"accordion-controls-icon\"><svg class=\"e-font-icon-svg e-fas-chevron-down\" viewBox=\"0 0 448 512\" xmlns=\"http:\/\/www.w3.org\/2000\/svg\"><path d=\"M207.029 381.476L12.686 187.132c-9.373-9.373-9.373-24.569 0-33.941l22.667-22.667c9.357-9.357 24.522-9.375 33.901-.04L224 284.505l154.745-154.021c9.379-9.335 24.544-9.317 33.901.04l22.667 22.667c9.373 9.373 9.373 24.569 0 33.941L240.971 381.476c-9.373 9.372-24.569 9.372-33.942 0z\"><\/path><\/svg><\/span>\r\n      <\/h5>\r\n    <\/div>\r\n    <div id=\"collapse983\" class=\"collapse \" aria-labelledby=\"heading983\" data-bs-parent=\"#accordion-holder-637250\">\r\n      <div class=\"card-body\">\r\n        <p class=\"mb-30\">\u00d6\u011frenci ta\u015f\u0131mac\u0131l\u0131\u011f\u0131 yaln\u0131zca bir ula\u015f\u0131m hizmeti de\u011fildir; disiplin, g\u00fcvenlik, koordinasyon ve profesyonellik gerektiren kurumsal bir s\u00fcre\u00e7tir. Y\u0131ld\u0131z Turizm olarak bu bilinci t\u00fcm operasyonlar\u0131m\u0131za yans\u0131tarak okul y\u00f6netimlerine ve velilere tam g\u00fcvence sunuyoruz. Filomuzdaki ara\u00e7lar\u0131n tamam\u0131 belirli standartlar\u0131n \u00fczerinde tutulur ve modern sistemlerle donat\u0131l\u0131r.<\/p><p class=\"mb-30\">Ayr\u0131ca sundu\u011fumuz raporlama ve takip sistemleri sayesinde okul y\u00f6netimleri servis s\u00fcre\u00e7lerini istedi\u011fi zaman kontrol edebilir. Kurumsal \u00f6l\u00e7ekte kurgulanm\u0131\u015f bu yap\u0131, hem \u00f6\u011frenci memnuniyetini hem de genel verimlili\u011fi art\u0131r\u0131r. Mersin\u2019de \u00f6\u011frenci servis hizmeti almak isteyen t\u00fcm kurumlar i\u00e7in s\u00fcrd\u00fcr\u00fclebilir, g\u00fcvenilir ve profesyonel bir \u00e7\u00f6z\u00fcm orta\u011f\u0131 olarak faaliyet g\u00f6stermeye devam ediyoruz.<\/p>      <\/div>\r\n    <\/div>\r\n  <\/div>\r\n\r\n  <div class=\"card \">\r\n    <div class=\"card-header p-0\" id=\"heading984\">\r\n      <h5 class=\"title collapsed\" data-bs-toggle=\"collapse\" data-bs-target=\"#collapse984\" aria-expanded=\"false\" aria-controls=\"collapse984\">\r\n        <span class=\"text\">Neden Y\u0131ld\u0131z Turizm?<\/span>\r\n        <span class=\"accordion-controls-icon\"><svg class=\"e-font-icon-svg e-fas-chevron-down\" viewBox=\"0 0 448 512\" xmlns=\"http:\/\/www.w3.org\/2000\/svg\"><path d=\"M207.029 381.476L12.686 187.132c-9.373-9.373-9.373-24.569 0-33.941l22.667-22.667c9.357-9.357 24.522-9.375 33.901-.04L224 284.505l154.745-154.021c9.379-9.335 24.544-9.317 33.901.04l22.667 22.667c9.373 9.373 9.373 24.569 0 33.941L240.971 381.476c-9.373 9.372-24.569 9.372-33.942 0z\"><\/path><\/svg><\/span>\r\n      <\/h5>\r\n    <\/div>\r\n    <div id=\"collapse984\" class=\"collapse \" aria-labelledby=\"heading984\" data-bs-parent=\"#accordion-holder-637250\">\r\n      <div class=\"card-body\">\r\n        <p><span> \u2714Kurumsal yap\u0131 ve profesyonel ekip<\/span><br \/><span>\u2714 Modern ve g\u00fcvenli ara\u00e7 filosu<\/span><br \/><span>\u2714 Deneyimli s\u00fcr\u00fcc\u00fcler ve rehber personel<\/span><br \/><span>\u2714 D\u00fczenli teknik bak\u0131m ve hijyen standartlar\u0131<\/span><br \/><span>\u2714 Zaman\u0131nda ula\u015f\u0131m garantisi<\/span><br \/><span>\u2714 Velilere y\u00f6nelik bilgilendirme sistemi<\/span><br \/><span>\u2714 Okul y\u00f6netimleri i\u00e7in raporlama ve koordinasyon<\/span><\/p>      <\/div>\r\n    <\/div>\r\n  <\/div>\r\n\t\t<\/div>\r\n\t\t\t\t\t<\/div>\n\t\t\t\t<\/div>\n\t\t\t\t<\/div>\n\t\t\t\t\t<\/div>\n\t\t\t\t<\/div>\n\t\t\t\t<\/div>\n\t\t","protected":false},"excerpt":{"rendered":"<p>T\u00fcm Hizmetlerimiz Personel Servisi \u00d6\u011frenci Servisi VIP-servisi Tur Ve Organizasyon Hizmetleri Filo Kiralama Herhangi bir sorunuz varsa l\u00fctfen ileti\u015fime ge\u00e7mekten&#8230;<\/p>\n","protected":false},"author":1,"featured_media":0,"parent":0,"menu_order":0,"comment_status":"closed","ping_status":"closed","template":"","meta":{"_monsterinsights_skip_tracking":false,"_monsterinsights_sitenote_active":false,"_monsterinsights_sitenote_note":"","_monsterinsights_sitenote_category":0,"footnotes":""},"class_list":["post-9781","page","type-page","status-publish","hentry"],"aioseo_notices":[],"_links":{"self":[{"href":"https:\/\/www.yildizturizm.com.tr\/index.php\/wp-json\/wp\/v2\/pages\/9781","targetHints":{"allow":["GET"]}}],"collection":[{"href":"https:\/\/www.yildizturizm.com.tr\/index.php\/wp-json\/wp\/v2\/pages"}],"about":[{"href":"https:\/\/www.yildizturizm.com.tr\/index.php\/wp-json\/wp\/v2\/types\/page"}],"author":[{"embeddable":true,"href":"https:\/\/www.yildizturizm.com.tr\/index.php\/wp-json\/wp\/v2\/users\/1"}],"replies":[{"embeddable":true,"href":"https:\/\/www.yildizturizm.com.tr\/index.php\/wp-json\/wp\/v2\/comments?post=9781"}],"version-history":[{"count":31,"href":"https:\/\/www.yildizturizm.com.tr\/index.php\/wp-json\/wp\/v2\/pages\/9781\/revisions"}],"predecessor-version":[{"id":10192,"href":"https:\/\/www.yildizturizm.com.tr\/index.php\/wp-json\/wp\/v2\/pages\/9781\/revisions\/10192"}],"wp:attachment":[{"href":"https:\/\/www.yildizturizm.com.tr\/index.php\/wp-json\/wp\/v2\/media?parent=9781"}],"curies":[{"name":"wp","href":"https:\/\/api.w.org\/{rel}","templated":true}]}}