{"id":5994,"date":"2025-11-04T16:07:51","date_gmt":"2025-11-04T16:07:51","guid":{"rendered":"https:\/\/dev252.kodesolution.com\/rooftex\/?page_id=5994"},"modified":"2025-12-11T15:39:49","modified_gmt":"2025-12-11T12:39:49","slug":"referanslar","status":"publish","type":"page","link":"https:\/\/www.yildizturizm.com.tr\/index.php\/referanslar\/","title":{"rendered":"Referanslar\u0131m\u0131z"},"content":{"rendered":"\t\t<div data-elementor-type=\"wp-page\" data-elementor-id=\"5994\" class=\"elementor elementor-5994\">\n\t\t\t\t<div class=\"elementor-element elementor-element-40b4229 e-flex e-con-boxed tm-col-stretched-none tm-bg-color-over-image e-con e-parent\" data-id=\"40b4229\" data-element_type=\"container\" data-e-type=\"container\" data-settings=\"{&quot;background_background&quot;:&quot;classic&quot;}\">\n\t\t\t\t\t<div class=\"e-con-inner\">\n\t\t\t\t<div class=\"elementor-element elementor-element-01e2ebc elementor-widget-tablet__width-initial horizontal-line-align-left vertical-line-align-bottom elementor-invisible elementor-widget elementor-widget-tm-ele-section-title\" data-id=\"01e2ebc\" data-element_type=\"widget\" data-e-type=\"widget\" data-settings=\"{&quot;_animation&quot;:&quot;fadeInUp&quot;}\" data-widget_type=\"tm-ele-section-title.default\">\n\t\t\t\t<div class=\"elementor-widget-container\">\n\t\t\t\t\t<div class=\"tm-sc-section-title section-title title-icon-pos-icon-left \">\r\n\t<div class=\"title-wrapper\">\r\n\t\t\t\t\t\t\t<h2 class=\"title \" >\r\n\r\n\t\t\r\n\t\t\t\t<span class=\"title-part1 \">Referanslar\u0131m\u0131z<\/span>\r\n\t\t\r\n\t\t\t\t\t\r\n\r\n\r\n\t\t\t\t\t\t\t\t<span class=\"elementor-repeater-item-1d48f97\"><\/span>\r\n\t\t\t\t\t\t\t\t\t\r\n\t<\/h2>\r\n\t<div class=\"title-seperator-line\"><\/div>\t\t\r\n\r\n<div class=\"sub-title-outer\">\r\n\t\t<div class=\"subtitle \">\r\n\r\n\t\t\t\t<img decoding=\"async\" class=\"title-icon\" src=\"https:\/\/www.yildizturizm.com.tr\/wp-content\/uploads\/2025\/11\/Soft-Star.png\" alt=\"icon\">\t\t\r\n\t\tG\u00fcvenin Yeni Adresi\t<\/div>\r\n\t<\/div>\t\t\t\t<\/div>\r\n<\/div>\t\t\t\t<\/div>\n\t\t\t\t<\/div>\n\t\t<div class=\"elementor-element elementor-element-ab99289 e-con-full tm-col-stretched-none e-flex tm-bg-color-over-image e-con e-child\" data-id=\"ab99289\" data-element_type=\"container\" data-e-type=\"container\">\n\t\t<div class=\"elementor-element elementor-element-299924d e-con-full tm-col-stretched-none e-flex tm-bg-color-over-image e-con e-child\" data-id=\"299924d\" data-element_type=\"container\" data-e-type=\"container\">\n\t\t<div class=\"elementor-element elementor-element-e765ffb e-con-full e-flex tm-col-stretched-none tm-bg-color-over-image e-con e-child\" data-id=\"e765ffb\" data-element_type=\"container\" data-e-type=\"container\">\n\t\t\t\t<div class=\"elementor-element elementor-element-999107f elementor-widget elementor-widget-image\" data-id=\"999107f\" data-element_type=\"widget\" data-e-type=\"widget\" data-widget_type=\"image.default\">\n\t\t\t\t\t\t\t\t\t\t\t\t\t\t\t<img decoding=\"async\" width=\"300\" height=\"51\" src=\"https:\/\/www.yildizturizm.com.tr\/wp-content\/uploads\/2025\/12\/tobagro-300x51.png\" class=\"attachment-medium size-medium wp-image-9901\" alt=\"tabagro logo\" srcset=\"https:\/\/www.yildizturizm.com.tr\/wp-content\/uploads\/2025\/12\/tobagro-300x51.png 300w, https:\/\/www.yildizturizm.com.tr\/wp-content\/uploads\/2025\/12\/tobagro-1024x173.png 1024w, https:\/\/www.yildizturizm.com.tr\/wp-content\/uploads\/2025\/12\/tobagro-768x130.png 768w, https:\/\/www.yildizturizm.com.tr\/wp-content\/uploads\/2025\/12\/tobagro-1100x191.png 1100w, https:\/\/www.yildizturizm.com.tr\/wp-content\/uploads\/2025\/12\/tobagro-600x102.png 600w, https:\/\/www.yildizturizm.com.tr\/wp-content\/uploads\/2025\/12\/tobagro.png 1128w\" sizes=\"(max-width: 300px) 100vw, 300px\" \/>\t\t\t\t\t\t\t\t\t\t\t\t\t\t\t<\/div>\n\t\t\t\t<\/div>\n\t\t\t\t<\/div>\n\t\t<div class=\"elementor-element elementor-element-dd1eb2f e-con-full e-flex tm-col-stretched-none tm-bg-color-over-image e-con e-child\" data-id=\"dd1eb2f\" data-element_type=\"container\" data-e-type=\"container\">\n\t\t<div class=\"elementor-element elementor-element-66a8a1d e-con-full e-flex tm-col-stretched-none tm-bg-color-over-image e-con e-child\" data-id=\"66a8a1d\" data-element_type=\"container\" data-e-type=\"container\">\n\t\t\t\t<div class=\"elementor-element elementor-element-4ed5270 elementor-widget elementor-widget-image\" data-id=\"4ed5270\" data-element_type=\"widget\" data-e-type=\"widget\" data-widget_type=\"image.default\">\n\t\t\t\t\t\t\t\t\t\t\t\t\t\t\t<img fetchpriority=\"high\" decoding=\"async\" width=\"300\" height=\"235\" src=\"https:\/\/www.yildizturizm.com.tr\/wp-content\/uploads\/2025\/12\/my-naturel-energy-logo-300x235.png\" class=\"attachment-medium size-medium wp-image-9897\" alt=\"my-naturel-energy-logo\" srcset=\"https:\/\/www.yildizturizm.com.tr\/wp-content\/uploads\/2025\/12\/my-naturel-energy-logo-300x235.png 300w, https:\/\/www.yildizturizm.com.tr\/wp-content\/uploads\/2025\/12\/my-naturel-energy-logo.png 426w\" sizes=\"(max-width: 300px) 100vw, 300px\" \/>\t\t\t\t\t\t\t\t\t\t\t\t\t\t\t<\/div>\n\t\t\t\t<\/div>\n\t\t<div class=\"elementor-element elementor-element-25200e6 e-con-full e-flex tm-col-stretched-none tm-bg-color-over-image e-con e-child\" data-id=\"25200e6\" data-element_type=\"container\" data-e-type=\"container\">\n\t\t\t\t<div class=\"elementor-element elementor-element-5a71548 elementor-widget elementor-widget-image\" data-id=\"5a71548\" data-element_type=\"widget\" data-e-type=\"widget\" data-widget_type=\"image.default\">\n\t\t\t\t\t\t\t\t\t\t\t\t\t\t\t<img decoding=\"async\" width=\"300\" height=\"124\" src=\"https:\/\/www.yildizturizm.com.tr\/wp-content\/uploads\/2025\/12\/goktug-yatcilik-logo-300x124.png\" class=\"attachment-medium size-medium wp-image-9896\" alt=\"goktug-yatcilik-logo\" srcset=\"https:\/\/www.yildizturizm.com.tr\/wp-content\/uploads\/2025\/12\/goktug-yatcilik-logo-300x124.png 300w, https:\/\/www.yildizturizm.com.tr\/wp-content\/uploads\/2025\/12\/goktug-yatcilik-logo-1024x422.png 1024w, https:\/\/www.yildizturizm.com.tr\/wp-content\/uploads\/2025\/12\/goktug-yatcilik-logo-768x317.png 768w, https:\/\/www.yildizturizm.com.tr\/wp-content\/uploads\/2025\/12\/goktug-yatcilik-logo-600x247.png 600w, https:\/\/www.yildizturizm.com.tr\/wp-content\/uploads\/2025\/12\/goktug-yatcilik-logo.png 1492w\" sizes=\"(max-width: 300px) 100vw, 300px\" \/>\t\t\t\t\t\t\t\t\t\t\t\t\t\t\t<\/div>\n\t\t\t\t<\/div>\n\t\t<div class=\"elementor-element elementor-element-76955fe e-con-full e-flex tm-col-stretched-none tm-bg-color-over-image e-con e-child\" data-id=\"76955fe\" data-element_type=\"container\" data-e-type=\"container\">\n\t\t\t\t<div class=\"elementor-element elementor-element-0e3158a elementor-widget elementor-widget-image\" data-id=\"0e3158a\" data-element_type=\"widget\" data-e-type=\"widget\" data-widget_type=\"image.default\">\n\t\t\t\t\t\t\t\t\t\t\t\t\t\t\t<img loading=\"lazy\" decoding=\"async\" width=\"259\" height=\"100\" src=\"https:\/\/www.yildizturizm.com.tr\/wp-content\/uploads\/2025\/12\/elit-koleji-okullari.png\" class=\"attachment-medium size-medium wp-image-9895\" alt=\"elit-koleji-okullari\" \/>\t\t\t\t\t\t\t\t\t\t\t\t\t\t\t<\/div>\n\t\t\t\t<\/div>\n\t\t<div class=\"elementor-element elementor-element-6a5d52f e-con-full e-flex tm-col-stretched-none tm-bg-color-over-image e-con e-child\" data-id=\"6a5d52f\" data-element_type=\"container\" data-e-type=\"container\">\n\t\t\t\t<div class=\"elementor-element elementor-element-bbca1ed elementor-widget elementor-widget-image\" data-id=\"bbca1ed\" data-element_type=\"widget\" data-e-type=\"widget\" data-widget_type=\"image.default\">\n\t\t\t\t\t\t\t\t\t\t\t\t\t\t\t<img loading=\"lazy\" decoding=\"async\" width=\"300\" height=\"300\" src=\"https:\/\/www.yildizturizm.com.tr\/wp-content\/uploads\/2025\/12\/bp-300x300.png\" class=\"attachment-medium size-medium wp-image-9903\" alt=\"bp logo\" srcset=\"https:\/\/www.yildizturizm.com.tr\/wp-content\/uploads\/2025\/12\/bp-300x300.png 300w, https:\/\/www.yildizturizm.com.tr\/wp-content\/uploads\/2025\/12\/bp-150x150.png 150w, https:\/\/www.yildizturizm.com.tr\/wp-content\/uploads\/2025\/12\/bp-100x100.png 100w, https:\/\/www.yildizturizm.com.tr\/wp-content\/uploads\/2025\/12\/bp.png 400w\" sizes=\"(max-width: 300px) 100vw, 300px\" \/>\t\t\t\t\t\t\t\t\t\t\t\t\t\t\t<\/div>\n\t\t\t\t<\/div>\n\t\t\t\t<\/div>\n\t\t<div class=\"elementor-element elementor-element-b84eecd e-con-full e-flex tm-col-stretched-none tm-bg-color-over-image e-con e-child\" data-id=\"b84eecd\" data-element_type=\"container\" data-e-type=\"container\">\n\t\t<div class=\"elementor-element elementor-element-9ef095e e-con-full tm-col-stretched-none e-flex tm-bg-color-over-image e-con e-child\" data-id=\"9ef095e\" data-element_type=\"container\" data-e-type=\"container\">\n\t\t\t\t<div class=\"elementor-element elementor-element-36f1908 elementor-widget__width-initial elementor-widget elementor-widget-image\" data-id=\"36f1908\" data-element_type=\"widget\" data-e-type=\"widget\" data-widget_type=\"image.default\">\n\t\t\t\t\t\t\t\t\t\t\t\t\t\t\t<img loading=\"lazy\" decoding=\"async\" width=\"176\" height=\"60\" src=\"https:\/\/www.yildizturizm.com.tr\/wp-content\/uploads\/2025\/12\/atlas-tobacco-logo.png\" class=\"attachment-medium size-medium wp-image-9893\" alt=\"atlas-tobacco-logo\" \/>\t\t\t\t\t\t\t\t\t\t\t\t\t\t\t<\/div>\n\t\t\t\t<\/div>\n\t\t<div class=\"elementor-element elementor-element-4c5f162 e-con-full tm-col-stretched-none e-flex tm-bg-color-over-image e-con e-child\" data-id=\"4c5f162\" data-element_type=\"container\" data-e-type=\"container\">\n\t\t\t\t<div class=\"elementor-element elementor-element-24af1f2 elementor-widget elementor-widget-image\" data-id=\"24af1f2\" data-element_type=\"widget\" data-e-type=\"widget\" data-widget_type=\"image.default\">\n\t\t\t\t\t\t\t\t\t\t\t\t\t\t\t<img loading=\"lazy\" decoding=\"async\" width=\"100\" height=\"100\" src=\"https:\/\/www.yildizturizm.com.tr\/wp-content\/uploads\/2025\/12\/starbucks-logo.svg\" class=\"attachment-thumbnail size-thumbnail wp-image-9900\" alt=\"starbucks-logo\" \/>\t\t\t\t\t\t\t\t\t\t\t\t\t\t\t<\/div>\n\t\t\t\t<\/div>\n\t\t<div class=\"elementor-element elementor-element-581f3bc e-con-full tm-col-stretched-none e-flex tm-bg-color-over-image e-con e-child\" data-id=\"581f3bc\" data-element_type=\"container\" data-e-type=\"container\">\n\t\t\t\t<div class=\"elementor-element elementor-element-4454356 elementor-widget elementor-widget-image\" data-id=\"4454356\" data-element_type=\"widget\" data-e-type=\"widget\" data-widget_type=\"image.default\">\n\t\t\t\t\t\t\t\t\t\t\t\t\t\t\t<img loading=\"lazy\" decoding=\"async\" width=\"180\" height=\"50\" src=\"https:\/\/www.yildizturizm.com.tr\/wp-content\/uploads\/2025\/12\/nexfilt-logo.jpg\" class=\"attachment-medium size-medium wp-image-9899\" alt=\"nexfilt-logo\" \/>\t\t\t\t\t\t\t\t\t\t\t\t\t\t\t<\/div>\n\t\t\t\t<\/div>\n\t\t<div class=\"elementor-element elementor-element-d912487 e-con-full tm-col-stretched-none e-flex tm-bg-color-over-image e-con e-child\" data-id=\"d912487\" data-element_type=\"container\" data-e-type=\"container\">\n\t\t\t\t<div class=\"elementor-element elementor-element-3c869a6 elementor-widget elementor-widget-image\" data-id=\"3c869a6\" data-element_type=\"widget\" data-e-type=\"widget\" data-widget_type=\"image.default\">\n\t\t\t\t\t\t\t\t\t\t\t\t\t\t\t<img loading=\"lazy\" decoding=\"async\" width=\"300\" height=\"103\" src=\"https:\/\/www.yildizturizm.com.tr\/wp-content\/uploads\/2025\/12\/nesibe-aydin-okullari-logo-300x103.png\" class=\"attachment-medium size-medium wp-image-9898\" alt=\"nesibe-aydin-okullari-logo\" srcset=\"https:\/\/www.yildizturizm.com.tr\/wp-content\/uploads\/2025\/12\/nesibe-aydin-okullari-logo-300x103.png 300w, https:\/\/www.yildizturizm.com.tr\/wp-content\/uploads\/2025\/12\/nesibe-aydin-okullari-logo.png 566w\" sizes=\"(max-width: 300px) 100vw, 300px\" \/>\t\t\t\t\t\t\t\t\t\t\t\t\t\t\t<\/div>\n\t\t\t\t<\/div>\n\t\t\t\t<\/div>\n\t\t\t\t<\/div>\n\t\t\t\t\t<\/div>\n\t\t\t\t<\/div>\n\t\t\t\t<\/div>\n\t\t","protected":false},"excerpt":{"rendered":"<p>Referanslar\u0131m\u0131z G\u00fcvenin Yeni Adresi<\/p>\n","protected":false},"author":1,"featured_media":0,"parent":0,"menu_order":0,"comment_status":"closed","ping_status":"closed","template":"","meta":{"_monsterinsights_skip_tracking":false,"_monsterinsights_sitenote_active":false,"_monsterinsights_sitenote_note":"","_monsterinsights_sitenote_category":0,"footnotes":""},"class_list":["post-5994","page","type-page","status-publish","hentry"],"aioseo_notices":[],"_links":{"self":[{"href":"https:\/\/www.yildizturizm.com.tr\/index.php\/wp-json\/wp\/v2\/pages\/5994","targetHints":{"allow":["GET"]}}],"collection":[{"href":"https:\/\/www.yildizturizm.com.tr\/index.php\/wp-json\/wp\/v2\/pages"}],"about":[{"href":"https:\/\/www.yildizturizm.com.tr\/index.php\/wp-json\/wp\/v2\/types\/page"}],"author":[{"embeddable":true,"href":"https:\/\/www.yildizturizm.com.tr\/index.php\/wp-json\/wp\/v2\/users\/1"}],"replies":[{"embeddable":true,"href":"https:\/\/www.yildizturizm.com.tr\/index.php\/wp-json\/wp\/v2\/comments?post=5994"}],"version-history":[{"count":23,"href":"https:\/\/www.yildizturizm.com.tr\/index.php\/wp-json\/wp\/v2\/pages\/5994\/revisions"}],"predecessor-version":[{"id":10002,"href":"https:\/\/www.yildizturizm.com.tr\/index.php\/wp-json\/wp\/v2\/pages\/5994\/revisions\/10002"}],"wp:attachment":[{"href":"https:\/\/www.yildizturizm.com.tr\/index.php\/wp-json\/wp\/v2\/media?parent=5994"}],"curies":[{"name":"wp","href":"https:\/\/api.w.org\/{rel}","templated":true}]}}